{"id":1073,"date":"2023-01-22T09:42:49","date_gmt":"2023-01-22T06:42:49","guid":{"rendered":"http:\/\/archageloscruises.com\/?page_id=1073"},"modified":"2026-01-26T15:18:59","modified_gmt":"2026-01-26T12:18:59","slug":"koufonisi-2","status":"publish","type":"page","link":"https:\/\/archageloscruises.com\/fr\/koufonisi-2\/","title":{"rendered":"KUFONISI"},"content":{"rendered":"<section class=\"section has-parallax\" id=\"section_1155296583\">\n\t\t<div class=\"section-bg fill\" data-parallax-container=\".section\" data-parallax-background data-parallax=\"-7\">\n\t\t\t<img decoding=\"async\" width=\"2560\" height=\"1756\" src=\"https:\/\/archageloscruises.com\/wp-content\/uploads\/2024\/01\/shutterstock_717850483-scaled.jpg\" class=\"bg attachment-original size-original\" alt=\"\" \/>\t\t\t\t\t\t\n\t\t\t\n\n\t\t<\/div>\n\n\t\t\n\n\t\t<div class=\"section-content relative\">\n\t\t\t\n\n\n\t\t<\/div>\n\n\t\t\n<style>\n#section_1155296583 {\n  padding-top: 30px;\n  padding-bottom: 30px;\n  min-height: 350px;\n}\n#section_1155296583 .section-bg img {\n  object-position: 53% 0%;\n}\n@media (min-width:550px) {\n  #section_1155296583 {\n    min-height: 450px;\n  }\n}\n@media (min-width:850px) {\n  #section_1155296583 {\n    min-height: 730px;\n  }\n}\n<\/style>\n\t<\/section>\n\t\n\n\t<section class=\"section\" id=\"section_245000788\">\n\t\t<div class=\"section-bg fill\" >\n\t\t\t\t\t\t\t\t\t\n\t\t\t\n\n\t\t<\/div>\n\n\t\t\n\n\t\t<div class=\"section-content relative\">\n\t\t\t\n\n<div class=\"row\" style=\"max-width:1200px\" id=\"row-1113102144\">\n\n\n\t<div id=\"col-175439525\" class=\"col small-12 large-12\"  >\n\t\t\t\t<div class=\"col-inner text-center\" style=\"background-color:rgb(255, 255, 255);\" >\n\t\t\t\n\t\t\t\n\n\t<div id=\"text-1723923171\" class=\"text\">\n\t\t\n\n<h2 class=\"elementor-heading-title elementor-size-default\"><span style=\"font-size: 160%;\">Koufonissi<\/span><\/h2>\n\t\t\n<style>\n#text-1723923171 {\n  font-size: 1.75rem;\n}\n<\/style>\n\t<\/div>\n\t\n<div class=\"row\" style=\"max-width:1200px\" id=\"row-279259244\">\n\n\n\t<div id=\"col-680759692\" class=\"col medium-12 small-12 large-6\"  data-animate=\"fadeInUp\">\n\t\t\t\t<div class=\"col-inner\"  >\n\t\t\t\n\t\t\t\n\n\t<div id=\"gap-1335374134\" class=\"gap-element clearfix\" style=\"display:block; height:auto;\">\n\t\t\n<style>\n#gap-1335374134 {\n  padding-top: 5px;\n}\n@media (min-width:550px) {\n  #gap-1335374134 {\n    padding-top: 0px;\n  }\n}\n<\/style>\n\t<\/div>\n\t\n\n\t<div id=\"text-3906978212\" class=\"text\">\n\t\t\n\n<p>Koufonisi est une \u00eele inhabit\u00e9e de la mer de Libye, situ\u00e9e au sud-est de la Cr\u00e8te, \u00e0 3 milles nautiques au sud du cap Goudoura. La surface de l'\u00eele est d'environ 4,26 km\u00b2. Le nom \"Koufonissi\" est d\u00fb aux nombreuses fosses et grottes cr\u00e9\u00e9es par la mer et la pluie. En m\u00eame temps, on l'appelle aussi \"blanche\" \u00e0 cause des roches blanches qu'on y trouve ! L'\u00eele a \u00e9t\u00e9 un centre \u00e9conomique et culturel de l'\u00e9poque minoenne \u00e0 l'\u00e9poque gr\u00e9co-romaine, car ses fonds marins \u00e9taient riches en \u00e9ponges et en coquillages. L'\u00eele abrite un impressionnant th\u00e9\u00e2tre antique et de nombreuses d\u00e9couvertes arch\u00e9ologiques.\u00a0<\/p>\n\t\t\n<style>\n#text-3906978212 {\n  text-align: left;\n}\n<\/style>\n\t<\/div>\n\t\n\n\t\t<\/div>\n\t\t\t\t\n<style>\n#col-680759692 > .col-inner {\n  padding: 0px 30px 0px 30px;\n}\n@media (min-width:550px) {\n  #col-680759692 > .col-inner {\n    padding: 0 50px 20px 50px;\n  }\n}\n@media (min-width:850px) {\n  #col-680759692 > .col-inner {\n    padding: 0px 50px 50px 70px;\n  }\n}\n<\/style>\n\t<\/div>\n\n\t\n\n\t<div id=\"col-2014249079\" class=\"col medium-12 small-12 large-6\"  data-animate=\"fadeInUp\">\n\t\t\t\t<div class=\"col-inner\"  >\n\t\t\t\n\t\t\t\n\n\t<div id=\"text-2619874115\" class=\"text\">\n\t\t\n\n<p>Aujourd'hui, c'est un refuge pour les p\u00eacheurs face aux vents violents de la mer du Sud et de la mer de Cr\u00e8te ! L'\u00eele compte 36 plages dor\u00e9es aux eaux bleues et limpides ! Pr\u00e8s de l'une d'entre elles, le puits, se trouve la \"beaut\u00e9\" de l'\u00eele, la belle \u00e9glise d'Agios Nikolaos, le saint patron des marins de la r\u00e9gion !\u00a0<\/p>\n<p>L'ensemble de l'\u00eele est une zone prot\u00e9g\u00e9e Natura 2000 et l'acc\u00e8s \u00e0 toutes les plages n'est pas autoris\u00e9. Pour toutes les plages inaccessibles, seule l'observation \u00e0 bord est possible. L'\u00eele ressemble \u00e0 un d\u00e9sert africain avec ses tamaris et ses buissons rares. Tous les voyageurs qui la visitent ont l'occasion de nager dans ses eaux d'un bleu profond et de profiter de la vue sur les rochers blancs.<\/p>\n\t\t\n<style>\n#text-2619874115 {\n  text-align: left;\n}\n<\/style>\n\t<\/div>\n\t\n\n\t\t<\/div>\n\t\t\t\t\n<style>\n#col-2014249079 > .col-inner {\n  padding: 20px 20px 0px 20px;\n}\n@media (min-width:550px) {\n  #col-2014249079 > .col-inner {\n    padding: 50px 50px 0 50px;\n  }\n}\n@media (min-width:850px) {\n  #col-2014249079 > .col-inner {\n    padding: 0px 50px 20px 0px;\n  }\n}\n<\/style>\n\t<\/div>\n\n\t\n\n<\/div>\n\n\t\t<\/div>\n\t\t\t\t\n<style>\n#col-175439525 > .col-inner {\n  padding: 30px 0px 0px 0px;\n  margin: -100px 0px 0px 0px;\n}\n@media (min-width:550px) {\n  #col-175439525 > .col-inner {\n    margin: -150px 0px 0px 0px;\n  }\n}\n<\/style>\n\t<\/div>\n\n\t\n\n<\/div>\n\t<div id=\"gap-1048861101\" class=\"gap-element clearfix\" style=\"display:block; height:auto;\">\n\t\t\n<style>\n#gap-1048861101 {\n  padding-top: 15px;\n}\n@media (min-width:550px) {\n  #gap-1048861101 {\n    padding-top: 55px;\n  }\n}\n<\/style>\n\t<\/div>\n\t\n\n\n\t<div id=\"gap-540985760\" class=\"gap-element clearfix\" style=\"display:block; height:auto;\">\n\t\t\n<style>\n#gap-540985760 {\n  padding-top: 30px;\n}\n<\/style>\n\t<\/div>\n\t\n\n\n\t\t<\/div>\n\n\t\t\n<style>\n#section_245000788 {\n  padding-top: 30px;\n  padding-bottom: 30px;\n  background-color: rgb(237, 233, 227);\n}\n<\/style>\n\t<\/section>\n\t\n\n\n\n\t<section class=\"section\" id=\"section_677118214\">\n\t\t<div class=\"section-bg fill\" >\n\t\t\t\t\t\t\t\t\t\n\t\t\t\n\n\t\t<\/div>\n\n\t\t\n\n\t\t<div class=\"section-content relative\">\n\t\t\t\n\n<div class=\"row\" style=\"max-width:1200px\" id=\"row-449268882\">\n\n\n\t<div id=\"col-967183674\" class=\"col small-12 large-12\"  >\n\t\t\t\t<div class=\"col-inner\"  >\n\t\t\t\n\t\t\t\n\n  <div class=\"banner-grid-wrapper\">\n  <div id=\"banner-grid-591354789\" class=\"banner-grid row row-grid row-xsmall row-full-width\" data-packery-options=\"\">\n                      \n\n<div class=\"col grid-col small-12 large-3 grid-col-2-3\" ><div class=\"col-inner\">\n\n\n  <div class=\"banner has-hover bg-glow\" id=\"banner-189232262\">\n          <div class=\"banner-inner fill\">\n        <div class=\"banner-bg fill\" >\n            <img decoding=\"async\" width=\"830\" height=\"463\" src=\"https:\/\/archageloscruises.com\/wp-content\/uploads\/2025\/01\/IMG_0807-1.webp\" class=\"bg attachment-original size-original\" alt=\"\" \/>                                    \n                    <\/div>\n\t\t\n        <div class=\"banner-layers container\">\n            <a class=\"fill\" href=\"#\" ><div class=\"fill banner-link\"><\/div><\/a>            \n\n   <div id=\"text-box-972466793\" class=\"text-box banner-layer x50 md-x50 lg-x50 y50 md-y50 lg-y50 res-text\">\n                                <div class=\"text-box-content text dark\">\n              \n              <div class=\"text-inner text-center\">\n                  \n\n\n              <\/div>\n           <\/div>\n                            \n<style>\n#text-box-972466793 {\n  width: 60%;\n}\n#text-box-972466793 .text-box-content {\n  font-size: 100%;\n}\n@media (min-width:550px) {\n  #text-box-972466793 {\n    width: 60%;\n  }\n}\n<\/style>\n    <\/div>\n \n\n        <\/div>\n      <\/div>\n\n            \n<style>\n#banner-189232262 {\n  padding-top: 300px;\n  background-color: rgb(237, 233, 227);\n}\n#banner-189232262 .banner-bg img {\n  object-position: 42% 86%;\n}\n@media (min-width:850px) {\n  #banner-189232262 {\n    padding-top: 500px;\n  }\n}\n<\/style>\n  <\/div>\n\n\n\n<\/div><\/div>\n<div class=\"col grid-col small-12 large-6 grid-col-1\" ><div class=\"col-inner\">\n\n\n  <div class=\"banner has-hover bg-glow\" id=\"banner-740059283\">\n          <div class=\"banner-inner fill\">\n        <div class=\"banner-bg fill\" >\n            <img decoding=\"async\" width=\"2560\" height=\"1756\" src=\"https:\/\/archageloscruises.com\/wp-content\/uploads\/2024\/01\/shutterstock_717850483-scaled.jpg\" class=\"bg attachment-original size-original\" alt=\"\" \/>                                    \n                    <\/div>\n\t\t\n        <div class=\"banner-layers container\">\n            <a class=\"fill\" href=\"#\" ><div class=\"fill banner-link\"><\/div><\/a>            \n\n   <div id=\"text-box-697446161\" class=\"text-box banner-layer x50 md-x50 lg-x50 y50 md-y50 lg-y50 res-text\">\n                                <div class=\"text-box-content text dark\">\n              \n              <div class=\"text-inner text-center\">\n                  \n\n\n              <\/div>\n           <\/div>\n                            \n<style>\n#text-box-697446161 {\n  width: 60%;\n}\n#text-box-697446161 .text-box-content {\n  font-size: 100%;\n}\n@media (min-width:550px) {\n  #text-box-697446161 {\n    width: 60%;\n  }\n}\n<\/style>\n    <\/div>\n \n\n        <\/div>\n      <\/div>\n\n            \n<style>\n#banner-740059283 {\n  padding-top: 400px;\n  background-color: rgb(237, 233, 227);\n}\n@media (min-width:850px) {\n  #banner-740059283 {\n    padding-top: 500px;\n  }\n}\n<\/style>\n  <\/div>\n\n\n\n<\/div><\/div>\n<div class=\"col grid-col small-12 large-3 grid-col-1-3\" ><div class=\"col-inner\">\n\n\n  <div class=\"banner has-hover bg-glow\" id=\"banner-241591470\">\n          <div class=\"banner-inner fill\">\n        <div class=\"banner-bg fill\" >\n            <img decoding=\"async\" width=\"971\" height=\"971\" src=\"https:\/\/archageloscruises.com\/wp-content\/uploads\/2025\/01\/IMG_0750.jpg\" class=\"bg attachment-original size-original\" alt=\"\" \/>                                    \n                    <\/div>\n\t\t\n        <div class=\"banner-layers container\">\n            <a class=\"fill\" href=\"#\" ><div class=\"fill banner-link\"><\/div><\/a>            \n\n   <div id=\"text-box-1049900083\" class=\"text-box banner-layer x50 md-x50 lg-x50 y50 md-y50 lg-y50 res-text\">\n                                <div class=\"text-box-content text dark\">\n              \n              <div class=\"text-inner text-center\">\n                  \n\n\n              <\/div>\n           <\/div>\n                            \n<style>\n#text-box-1049900083 {\n  width: 60%;\n}\n#text-box-1049900083 .text-box-content {\n  font-size: 100%;\n}\n@media (min-width:550px) {\n  #text-box-1049900083 {\n    width: 60%;\n  }\n}\n<\/style>\n    <\/div>\n \n\n        <\/div>\n      <\/div>\n\n            \n<style>\n#banner-241591470 {\n  padding-top: 300px;\n  background-color: rgb(237, 233, 227);\n}\n#banner-241591470 .banner-bg img {\n  object-position: 40% 25%;\n}\n@media (min-width:850px) {\n  #banner-241591470 {\n    padding-top: 500px;\n  }\n}\n<\/style>\n  <\/div>\n\n\n\n<\/div><\/div>\n<div class=\"col grid-col small-12 large-3 grid-col-2-3\" ><div class=\"col-inner\">\n\n\n  <div class=\"banner has-hover bg-glow\" id=\"banner-877831432\">\n          <div class=\"banner-inner fill\">\n        <div class=\"banner-bg fill\" >\n            <img decoding=\"async\" width=\"1200\" height=\"1601\" src=\"https:\/\/archageloscruises.com\/wp-content\/uploads\/2023\/02\/IMG_2210-1.jpg\" class=\"bg attachment-original size-original\" alt=\"\" \/>                                    \n                    <\/div>\n\t\t\n        <div class=\"banner-layers container\">\n            <a class=\"fill\" href=\"#\" ><div class=\"fill banner-link\"><\/div><\/a>            \n\n   <div id=\"text-box-1744144115\" class=\"text-box banner-layer x50 md-x50 lg-x50 y50 md-y50 lg-y50 res-text\">\n                                <div class=\"text-box-content text dark\">\n              \n              <div class=\"text-inner text-center\">\n                  \n\n\n              <\/div>\n           <\/div>\n                            \n<style>\n#text-box-1744144115 {\n  width: 60%;\n}\n#text-box-1744144115 .text-box-content {\n  font-size: 100%;\n}\n@media (min-width:550px) {\n  #text-box-1744144115 {\n    width: 60%;\n  }\n}\n<\/style>\n    <\/div>\n \n\n        <\/div>\n      <\/div>\n\n            \n<style>\n#banner-877831432 {\n  padding-top: 300px;\n  background-color: rgb(237, 233, 227);\n}\n#banner-877831432 .banner-bg img {\n  object-position: 57% 74%;\n}\n@media (min-width:850px) {\n  #banner-877831432 {\n    padding-top: 500px;\n  }\n}\n<\/style>\n  <\/div>\n\n\n\n<\/div><\/div>\n<div class=\"col grid-col small-12 large-3 grid-col-1-3\" ><div class=\"col-inner\">\n\n\n  <div class=\"banner has-hover bg-glow\" id=\"banner-1236789260\">\n          <div class=\"banner-inner fill\">\n        <div class=\"banner-bg fill\" >\n            <img decoding=\"async\" width=\"1440\" height=\"1440\" src=\"https:\/\/archageloscruises.com\/wp-content\/uploads\/2025\/01\/IMG_0770.jpg\" class=\"bg attachment-original size-original\" alt=\"\" \/>                                    \n                    <\/div>\n\t\t\n        <div class=\"banner-layers container\">\n            <a class=\"fill\" href=\"#\" ><div class=\"fill banner-link\"><\/div><\/a>            \n\n   <div id=\"text-box-1274268540\" class=\"text-box banner-layer x50 md-x50 lg-x50 y50 md-y50 lg-y50 res-text\">\n                                <div class=\"text-box-content text dark\">\n              \n              <div class=\"text-inner text-center\">\n                  \n\n\n              <\/div>\n           <\/div>\n                            \n<style>\n#text-box-1274268540 {\n  width: 60%;\n}\n#text-box-1274268540 .text-box-content {\n  font-size: 100%;\n}\n@media (min-width:550px) {\n  #text-box-1274268540 {\n    width: 60%;\n  }\n}\n<\/style>\n    <\/div>\n \n\n        <\/div>\n      <\/div>\n\n            \n<style>\n#banner-1236789260 {\n  padding-top: 300px;\n  background-color: rgb(237, 233, 227);\n}\n#banner-1236789260 .banner-bg img {\n  object-position: 13% 95%;\n}\n@media (min-width:850px) {\n  #banner-1236789260 {\n    padding-top: 500px;\n  }\n}\n<\/style>\n  <\/div>\n\n\n\n<\/div><\/div>\n\n            <\/div>\n    <style>\n    #banner-grid-591354789 .grid-col-1{height: 561px}\n    #banner-grid-591354789 .grid-col-1-2{height: 280.5px}\n    #banner-grid-591354789 .grid-col-1-3{height:187px}\n    #banner-grid-591354789 .grid-col-2-3{height: 374px}\n    #banner-grid-591354789 .grid-col-1-4{height: 140.25px}\n    #banner-grid-591354789 .grid-col-3-4{height: 420.75px}\n\n\n        \/* Tablet *\/\n    @media (max-width: 850px){\n      #banner-grid-591354789 .grid-col-1{height: 373px}\n      #banner-grid-591354789 .grid-col-1-2{height: 186.5px}\n      #banner-grid-591354789 .grid-col-1-3{height:124.33333333333px}\n      #banner-grid-591354789 .grid-col-2-3{height: 248.66666666667px}\n      #banner-grid-591354789 .grid-col-1-4{height: 93.25px}\n      #banner-grid-591354789 .grid-col-3-4{height: 279.75px}\n    }\n    \n    \n\n  <\/style>\n    <\/div>\n  \n\n\t\t<\/div>\n\t\t\t\t\t<\/div>\n\n\t\n\n<\/div>\n\t<div id=\"gap-308021911\" class=\"gap-element clearfix\" style=\"display:block; height:auto;\">\n\t\t\n<style>\n#gap-308021911 {\n  padding-top: 40px;\n}\n@media (min-width:850px) {\n  #gap-308021911 {\n    padding-top: 80px;\n  }\n}\n<\/style>\n\t<\/div>\n\t\n\n\n\t\t<\/div>\n\n\t\t\n<style>\n#section_677118214 {\n  padding-top: 30px;\n  padding-bottom: 30px;\n  background-color: rgb(237, 233, 227);\n}\n<\/style>\n\t<\/section>","protected":false},"excerpt":{"rendered":"","protected":false},"author":2,"featured_media":0,"parent":0,"menu_order":0,"comment_status":"closed","ping_status":"closed","template":"page-blank.php","meta":{"footnotes":""},"class_list":["post-1073","page","type-page","status-publish","hentry"],"yoast_head":"<!-- This site is optimized with the Yoast SEO Premium plugin v26.8 (Yoast SEO v26.9) - https:\/\/yoast.com\/product\/yoast-seo-premium-wordpress\/ -->\n<title>\u039a\u039f\u03a5\u03a6\u039f\u039d\u0397\u03a3\u0399 | Archagelos Cruises<\/title>\n<meta name=\"description\" content=\"Daily cruises Chrissi Island Crete. Boat tours from Ierapetra with luxury private, semi-private and classic options. Authentic Cretan meals and diving.\ufeff\" \/>\n<meta name=\"robots\" content=\"index, follow, max-snippet:-1, max-image-preview:large, max-video-preview:-1\" \/>\n<link rel=\"canonical\" href=\"https:\/\/archageloscruises.com\/fr\/koufonisi-2\/\" \/>\n<meta property=\"og:locale\" content=\"fr_FR\" \/>\n<meta property=\"og:type\" content=\"article\" \/>\n<meta property=\"og:title\" content=\"\u039a\u039f\u03a5\u03a6\u039f\u039d\u0397\u03a3\u0399\" \/>\n<meta property=\"og:description\" content=\"Daily cruises Chrissi Island Crete. Boat tours from Ierapetra with luxury private, semi-private and classic options. Authentic Cretan meals and diving.\ufeff\" \/>\n<meta property=\"og:url\" content=\"https:\/\/archageloscruises.com\/fr\/koufonisi-2\/\" \/>\n<meta property=\"og:site_name\" content=\"Archagelos Cruises\" \/>\n<meta property=\"article:publisher\" content=\"https:\/\/www.facebook.com\/ARCHAGELOSCRUISESIERAPETRA\" \/>\n<meta property=\"article:modified_time\" content=\"2026-01-26T12:18:59+00:00\" \/>\n<meta property=\"og:image\" content=\"https:\/\/archageloscruises.com\/wp-content\/uploads\/2025\/01\/IMG_0746.jpg\" \/>\n\t<meta property=\"og:image:width\" content=\"1440\" \/>\n\t<meta property=\"og:image:height\" content=\"960\" \/>\n\t<meta property=\"og:image:type\" content=\"image\/jpeg\" \/>\n<meta name=\"twitter:card\" content=\"summary_large_image\" \/>\n<meta name=\"twitter:label1\" content=\"Dur\u00e9e de lecture estim\u00e9e\" \/>\n\t<meta name=\"twitter:data1\" content=\"1 minute\" \/>\n<script type=\"application\/ld+json\" class=\"yoast-schema-graph\">{\"@context\":\"https:\/\/schema.org\",\"@graph\":[{\"@type\":\"WebPage\",\"@id\":\"https:\/\/archageloscruises.com\/koufonisi-2\/\",\"url\":\"https:\/\/archageloscruises.com\/koufonisi-2\/\",\"name\":\"\u039a\u039f\u03a5\u03a6\u039f\u039d\u0397\u03a3\u0399 | Archagelos Cruises\",\"isPartOf\":{\"@id\":\"https:\/\/archageloscruises.com\/#website\"},\"datePublished\":\"2023-01-22T06:42:49+00:00\",\"dateModified\":\"2026-01-26T12:18:59+00:00\",\"description\":\"Daily cruises Chrissi Island Crete. Boat tours from Ierapetra with luxury private, semi-private and classic options. Authentic Cretan meals and diving.\ufeff\",\"breadcrumb\":{\"@id\":\"https:\/\/archageloscruises.com\/koufonisi-2\/#breadcrumb\"},\"inLanguage\":\"fr-FR\",\"potentialAction\":[{\"@type\":\"ReadAction\",\"target\":[\"https:\/\/archageloscruises.com\/koufonisi-2\/\"]}]},{\"@type\":\"BreadcrumbList\",\"@id\":\"https:\/\/archageloscruises.com\/koufonisi-2\/#breadcrumb\",\"itemListElement\":[{\"@type\":\"ListItem\",\"position\":1,\"name\":\"\u0391\u03c1\u03c7\u03b9\u03ba\u03ae\",\"item\":\"https:\/\/archageloscruises.com\/\"},{\"@type\":\"ListItem\",\"position\":2,\"name\":\"\u039a\u039f\u03a5\u03a6\u039f\u039d\u0397\u03a3\u0399\"}]},{\"@type\":\"WebSite\",\"@id\":\"https:\/\/archageloscruises.com\/#website\",\"url\":\"https:\/\/archageloscruises.com\/\",\"name\":\"Archagelos Cruises\",\"description\":\"Archagelos Cruises\",\"publisher\":{\"@id\":\"https:\/\/archageloscruises.com\/#organization\"},\"alternateName\":\"Chrissi Island Daily Cruises Archagelos Ierapetra\",\"potentialAction\":[{\"@type\":\"SearchAction\",\"target\":{\"@type\":\"EntryPoint\",\"urlTemplate\":\"https:\/\/archageloscruises.com\/?s={search_term_string}\"},\"query-input\":{\"@type\":\"PropertyValueSpecification\",\"valueRequired\":true,\"valueName\":\"search_term_string\"}}],\"inLanguage\":\"fr-FR\"},{\"@type\":\"Organization\",\"@id\":\"https:\/\/archageloscruises.com\/#organization\",\"name\":\"Archagelos Cruises\",\"url\":\"https:\/\/archageloscruises.com\/\",\"logo\":{\"@type\":\"ImageObject\",\"inLanguage\":\"fr-FR\",\"@id\":\"https:\/\/archageloscruises.com\/#\/schema\/logo\/image\/\",\"url\":\"https:\/\/archageloscruises.com\/wp-content\/uploads\/2022\/08\/logo_small.png\",\"contentUrl\":\"https:\/\/archageloscruises.com\/wp-content\/uploads\/2022\/08\/logo_small.png\",\"width\":600,\"height\":424,\"caption\":\"Archagelos Cruises\"},\"image\":{\"@id\":\"https:\/\/archageloscruises.com\/#\/schema\/logo\/image\/\"},\"sameAs\":[\"https:\/\/www.facebook.com\/ARCHAGELOSCRUISESIERAPETRA\",\"https:\/\/www.instagram.com\/chrissi_island_archagelos\/\"],\"email\":\"archageloscruises@gmail.com\",\"telephone\":\"( +30 ) 6978 277 584\",\"legalName\":\"Archagelos Cruises Daily Cruises Chrissi Island\"}]}<\/script>\n<!-- \/ Yoast SEO Premium plugin. -->","yoast_head_json":{"title":"\u039a\u039f\u03a5\u03a6\u039f\u039d\u0397\u03a3\u0399 | Archagelos Cruises","description":"Daily cruises Chrissi Island Crete. Boat tours from Ierapetra with luxury private, semi-private and classic options. Authentic Cretan meals and diving.\ufeff","robots":{"index":"index","follow":"follow","max-snippet":"max-snippet:-1","max-image-preview":"max-image-preview:large","max-video-preview":"max-video-preview:-1"},"canonical":"https:\/\/archageloscruises.com\/fr\/koufonisi-2\/","og_locale":"fr_FR","og_type":"article","og_title":"\u039a\u039f\u03a5\u03a6\u039f\u039d\u0397\u03a3\u0399","og_description":"Daily cruises Chrissi Island Crete. Boat tours from Ierapetra with luxury private, semi-private and classic options. Authentic Cretan meals and diving.\ufeff","og_url":"https:\/\/archageloscruises.com\/fr\/koufonisi-2\/","og_site_name":"Archagelos Cruises","article_publisher":"https:\/\/www.facebook.com\/ARCHAGELOSCRUISESIERAPETRA","article_modified_time":"2026-01-26T12:18:59+00:00","og_image":[{"width":1440,"height":960,"url":"https:\/\/archageloscruises.com\/wp-content\/uploads\/2025\/01\/IMG_0746.jpg","type":"image\/jpeg"}],"twitter_card":"summary_large_image","twitter_misc":{"Dur\u00e9e de lecture estim\u00e9e":"1 minute"},"schema":{"@context":"https:\/\/schema.org","@graph":[{"@type":"WebPage","@id":"https:\/\/archageloscruises.com\/koufonisi-2\/","url":"https:\/\/archageloscruises.com\/koufonisi-2\/","name":"\u039a\u039f\u03a5\u03a6\u039f\u039d\u0397\u03a3\u0399 | Archagelos Cruises","isPartOf":{"@id":"https:\/\/archageloscruises.com\/#website"},"datePublished":"2023-01-22T06:42:49+00:00","dateModified":"2026-01-26T12:18:59+00:00","description":"Daily cruises Chrissi Island Crete. Boat tours from Ierapetra with luxury private, semi-private and classic options. Authentic Cretan meals and diving.\ufeff","breadcrumb":{"@id":"https:\/\/archageloscruises.com\/koufonisi-2\/#breadcrumb"},"inLanguage":"fr-FR","potentialAction":[{"@type":"ReadAction","target":["https:\/\/archageloscruises.com\/koufonisi-2\/"]}]},{"@type":"BreadcrumbList","@id":"https:\/\/archageloscruises.com\/koufonisi-2\/#breadcrumb","itemListElement":[{"@type":"ListItem","position":1,"name":"\u0391\u03c1\u03c7\u03b9\u03ba\u03ae","item":"https:\/\/archageloscruises.com\/"},{"@type":"ListItem","position":2,"name":"\u039a\u039f\u03a5\u03a6\u039f\u039d\u0397\u03a3\u0399"}]},{"@type":"WebSite","@id":"https:\/\/archageloscruises.com\/#website","url":"https:\/\/archageloscruises.com\/","name":"Archagelos Cruises","description":"Archagelos Cruises","publisher":{"@id":"https:\/\/archageloscruises.com\/#organization"},"alternateName":"Chrissi Island Daily Cruises Archagelos Ierapetra","potentialAction":[{"@type":"SearchAction","target":{"@type":"EntryPoint","urlTemplate":"https:\/\/archageloscruises.com\/?s={search_term_string}"},"query-input":{"@type":"PropertyValueSpecification","valueRequired":true,"valueName":"search_term_string"}}],"inLanguage":"fr-FR"},{"@type":"Organization","@id":"https:\/\/archageloscruises.com\/#organization","name":"Archagelos Cruises","url":"https:\/\/archageloscruises.com\/","logo":{"@type":"ImageObject","inLanguage":"fr-FR","@id":"https:\/\/archageloscruises.com\/#\/schema\/logo\/image\/","url":"https:\/\/archageloscruises.com\/wp-content\/uploads\/2022\/08\/logo_small.png","contentUrl":"https:\/\/archageloscruises.com\/wp-content\/uploads\/2022\/08\/logo_small.png","width":600,"height":424,"caption":"Archagelos Cruises"},"image":{"@id":"https:\/\/archageloscruises.com\/#\/schema\/logo\/image\/"},"sameAs":["https:\/\/www.facebook.com\/ARCHAGELOSCRUISESIERAPETRA","https:\/\/www.instagram.com\/chrissi_island_archagelos\/"],"email":"archageloscruises@gmail.com","telephone":"( +30 ) 6978 277 584","legalName":"Archagelos Cruises Daily Cruises Chrissi Island"}]}},"_links":{"self":[{"href":"https:\/\/archageloscruises.com\/fr\/wp-json\/wp\/v2\/pages\/1073","targetHints":{"allow":["GET"]}}],"collection":[{"href":"https:\/\/archageloscruises.com\/fr\/wp-json\/wp\/v2\/pages"}],"about":[{"href":"https:\/\/archageloscruises.com\/fr\/wp-json\/wp\/v2\/types\/page"}],"author":[{"embeddable":true,"href":"https:\/\/archageloscruises.com\/fr\/wp-json\/wp\/v2\/users\/2"}],"replies":[{"embeddable":true,"href":"https:\/\/archageloscruises.com\/fr\/wp-json\/wp\/v2\/comments?post=1073"}],"version-history":[{"count":14,"href":"https:\/\/archageloscruises.com\/fr\/wp-json\/wp\/v2\/pages\/1073\/revisions"}],"predecessor-version":[{"id":1691,"href":"https:\/\/archageloscruises.com\/fr\/wp-json\/wp\/v2\/pages\/1073\/revisions\/1691"}],"wp:attachment":[{"href":"https:\/\/archageloscruises.com\/fr\/wp-json\/wp\/v2\/media?parent=1073"}],"curies":[{"name":"wp","href":"https:\/\/api.w.org\/{rel}","templated":true}]}}