{"id":2012,"date":"2025-01-27T01:09:11","date_gmt":"2025-01-26T22:09:11","guid":{"rendered":"https:\/\/archageloscruises.com\/wp-booking-calendar\/"},"modified":"2025-01-27T01:09:11","modified_gmt":"2025-01-26T22:09:11","slug":"wp-booking-calendar","status":"publish","type":"page","link":"https:\/\/archageloscruises.com\/fr\/wp-booking-calendar\/","title":{"rendered":"Formulaire de r\u00e9servation"},"content":{"rendered":"<div id=\"form_id776816947861\"  class=\"wpbc_container wpbc_form wpbc_container_booking_form\" ><form  id=\"booking_form1\"   class=\"booking_form vertical\" method=\"post\" action=\"\" data-trp-original-action=\"\"><div id=\"ajax_respond_insert1\" class=\"ajax_respond_insert\" style=\"display:none;\"><\/div><a name=\"bklnk1\" id=\"bklnk1\"><\/a><div id=\"booking_form_div1\" class=\"booking_form_div\"><style type=\"text\/css\">.wpbc_container_booking_form .block_hints, .wpbc_booking_form_simple.wpbc_form_center .wpbc__form__div .wpbc__row.wpbc_r_calendar, .wpbc_booking_form_simple .wpbc__form__div .wpbc__row:not(.wpbc_r_calendar){max-width:440px;} <\/style>\n<div class=\"wpbc_booking_form_simple\">\n<div class=\"wpbc__row\">\n  <div class=\"wpbc__field\">\n    <div class=\"wpbc_calendar_wraper wpbc_change_over_triangle\"><div class=\"wpbc_cal_container bk_calendar_frame wpbc_no_custom_width  months_num_in_row_ cal_month_num_1\" style=\"\"><div id=\"calendar_booking1\">Chargement du calendrier...<\/div><\/div><textarea id=\"date_booking1\" name=\"date_booking1\" autocomplete=\"off\" style=\"display:none;\"><\/textarea><\/div>\n  <\/div>\n  <div class=\"wpbc__field\">\n<div class=\"wpbc__form__div\">\n\t\t\t<div class=\"wpbc__row\">\n\t\t\t\t<div class=\"wpbc_r_krouaziera_select wpbc__field\"> <label>Choisir une croisi\u00e8re<\/label><br><span class=\"wpbc_wrap_select wpdev-form-control-wrap krouaziera_select1\"><select onchange=\"javascript:if(typeof( showCostHintInsideBkForm ) == 'function') {  showCostHintInsideBkForm(1);}\" name=\"krouaziera_select1\" autocomplete=\"krouaziera_select\"><option value=\"\u0399\u03b4\u03b9\u03c9\u03c4\u03b9\u03ba\u03ae \u039a\u03c1\u03bf\u03c5\u03b1\u03b6\u03b9\u03ad\u03c1\u03b1 \u03c3\u03c4\u03b7 \u039d\u03ae\u03c3\u03bf \u03a7\u03c1\u03c5\u03c3\u03ae\">Croisi\u00e8re priv\u00e9e vers l'\u00eele d'Or<\/option><option value=\"\u0397\u03bc\u03b9-\u0399\u03b4\u03b9\u03c9\u03c4\u03b9\u03ba\u03ae \u039a\u03c1\u03bf\u03c5\u03b1\u03b6\u03b9\u03ad\u03c1\u03b1 \u03c3\u03c4\u03b7 \u039d\u03ae\u03c3\u03bf \u03a7\u03c1\u03c5\u03c3\u03ae\">Croisi\u00e8re semi-priv\u00e9e vers l'\u00eele d'Or<\/option><option value=\"\u039a\u03bb\u03b1\u03c3\u03b9\u03ba\u03ae \u039a\u03c1\u03bf\u03c5\u03b1\u03b6\u03b9\u03ad\u03c1\u03b1 \u03b7\u03bc\u03ad\u03c1\u03b1\u03c2 \u03c3\u03c4\u03b7 \u039d\u03ae\u03c3\u03bf \u03a7\u03c1\u03c5\u03c3\u03ae\">Croisi\u00e8re classique d'une journ\u00e9e vers l'\u00eele d'Or<\/option><option value=\"\u0399\u03b4\u03b9\u03c9\u03c4\u03b9\u03ba\u03ae \u039a\u03c1\u03bf\u03c5\u03b1\u03b6\u03b9\u03ad\u03c1\u03b1 \u03c3\u03c4\u03bf \u039a\u03bf\u03c5\u03c6\u03bf\u03bd\u03ae\u03c3\u03b9\">Croisi\u00e8re priv\u00e9e \u00e0 Koufonissi<\/option><option value=\"\u0397\u03bb\u03b9\u03bf\u03b2\u03b1\u03c3\u03af\u03bb\u03b5\u03bc\u03b1 \u03c3\u03c4\u03b7 \u039d\u03ae\u03c3\u03bf \u03a7\u03c1\u03c5\u03c3\u03ae \u03ba\u03b1\u03b9 \u03ac\u03bb\u03bb\u03bf\u03c5\u03c2 \u03c0\u03c1\u03bf\u03bf\u03c1\u03b9\u03c3\u03bc\u03bf\u03cd\u03c2\">Coucher de soleil \u00e0 Golden Island et autres destinations<\/option><\/select><\/span> <\/div>\n\n\t\t\t\t<div class=\"wpbc_r_visitors wpbc__field\"> <label>Passagers*<\/label><br><span class=\"wpbc_wrap_select wpdev-form-control-wrap visitors1\"><select onchange=\"javascript:if(typeof( showCostHintInsideBkForm ) == 'function') {  showCostHintInsideBkForm(1);}\" name=\"visitors1\" autocomplete=\"visitors\" class=\"wpdev-validates-as-required\"><option value=\"1\">1<\/option><option value=\"2\">2<\/option><option value=\"3\">3<\/option><option value=\"4\">4<\/option><option value=\"5\">5<\/option><option value=\"6\">6<\/option><option value=\"7\">7<\/option><option value=\"8\">8<\/option><option value=\"9\">9<\/option><option value=\"10\">10<\/option><option value=\"11\">11<\/option><option value=\"12\">12<\/option><option value=\"13\">13<\/option><option value=\"14\">14<\/option><option value=\"15\">15<\/option><option value=\"16\">16<\/option><option value=\"17\">17<\/option><option value=\"18\">18<\/option><option value=\"19\">19<\/option><option value=\"20\">20<\/option><option value=\"21\">21<\/option><option value=\"22\">22<\/option><option value=\"23\">23<\/option><option value=\"24\">24<\/option><option value=\"25\">25<\/option><\/select><\/span> <\/div>\n\t\t\t<\/div>\n\t\t\t<div class=\"wpbc__row\">\n\t\t\t\t<div class=\"wpbc_r_name wpbc__field\"> <label>Nom*<\/label><br><span class=\"wpbc_wrap_text wpdev-form-control-wrap name1\"><input type=\"text\" name=\"name1\" value=\"\" autocomplete=\"name\" class=\"wpdev-validates-as-required\" size=\"40\" \/><\/span> <\/div>\n\n\t\t\t\t<div class=\"wpbc_r_phone wpbc__field\"> <label>T\u00e9l\u00e9phone (avec l'indicatif du pays au d\u00e9but, par exemple +30xxxxxxxxxxx)*<\/label><br><span class=\"wpbc_wrap_text wpdev-form-control-wrap phone1\"><input type=\"text\" name=\"phone1\" value=\"\" autocomplete=\"phone\" class=\"wpdev-validates-as-required\" size=\"40\" \/><\/span> <\/div>\n\t\t\t<\/div>\n\t\t\t<div class=\"wpbc__row\">\n\t\t\t\t<div class=\"wpbc_r_email wpbc__field\"> <label>courriel*<\/label><br><span class=\"wpbc_wrap_text wpdev-form-control-wrap email1\"><input type=\"email\" name=\"email1\" value=\"\" autocomplete=\"email\" class=\"wpdev-validates-as-email wpdev-validates-as-required\" size=\"40\" \/><\/span> <\/div>\n\t\t\t<\/div>\n\t\t\t<div class=\"wpbc__row\">\n\t\t\t\t<div class=\"wpbc_r_details wpbc__field\"> <label>Informations<\/label><br><span class=\"wpbc_wrap_textarea wpdev-form-control-wrap details1\"><textarea name=\"details1\" autocomplete=\"details\"><\/textarea><\/span> <\/div>\n\t\t\t<\/div>\n\t\t\t<div class=\"wpbc__row\">\n\t\t\t\t<div class=\"wpbc_r_submit wpbc__field\"><input type=\"button\" value=\"Envoyer \u00e0\" class=\"wpbc_button_light btn\" onclick=\"mybooking_submit(this.form,1, 'fr_FR' );\" \/> <\/div>\n\t\t\t<\/div>\n<\/div>\n\t<\/div>\n\t<\/div>\n<\/div><input id=\"bk_type1\" name=\"bk_type1\" class=\"\" type=\"hidden\" value=\"1\" \/><\/div><div id=\"submiting1\"><\/div><div class=\"form_bk_messages\" id=\"form_bk_messages1\" ><\/div><input type=\"hidden\" id=\"wpbc_nonceCALCULATE_THE_COST1\" name=\"wpbc_nonceCALCULATE_THE_COST1\" value=\"fa00b38ff0\" \/><input type=\"hidden\" name=\"_wp_http_referer\" value=\"\/fr\/wp-json\/wp\/v2\/pages\/2012\" \/><input type=\"hidden\" name=\"trp-form-language\" value=\"fr\"\/><\/form><\/div><div id=\"booking_form_garbage1\" class=\"booking_form_garbage\"><\/div><script type=\"text\/javascript\"> (function() { var a = setInterval( function() {  if ( ( 'undefined' === typeof _wpbc ) || ( 'undefined' === typeof jQuery ) || ! window.jQuery ) { return; } clearInterval( a ); jQuery( document ).ready( function (){ jQuery(\".widget_wpdev_booking .booking_form.form-horizontal\").removeClass(\"form-horizontal\");\n                                    var visible_calendars_count = _wpbc.get_other_param( \"calendars__on_this_page\" ).length;\n                                    if (visible_calendars_count !== null ) {\n                                        for (var i=0;i< visible_calendars_count ;i++){\n                                          if ( _wpbc.get_other_param( \"calendars__on_this_page\" )[i] === 1 ) {\n                                              document.getElementById(\"form_id776816947861\").innerHTML = \"<span style='color:#A00;font-size:10px;'>Warning! Booking calendar for this booking resource are already at the page, please check more about this issue at this page: https:\/\/wpbookingcalendar.com\/faq\/why-the-booking-calendar-widget-not-show-on-page\/<\/span>\";                                                                                                  \n                                              jQuery(\"#form_id776816947861\").animate( {opacity: 1}, 10000 ).fadeOut(5000);\n                                              return;\n                                          }\n                                        }\n                                        _wpbc.get_other_param( \"calendars__on_this_page\" )[ visible_calendars_count ]=1;\n                                    } } ); }, 500 ); })();<\/script> <script type=\"text\/javascript\"> (function() { var a = setInterval( function() {  if ( ( 'undefined' === typeof _wpbc ) || ( 'undefined' === typeof jQuery ) || ! window.jQuery ) { return; } clearInterval( a ); jQuery( document ).ready( function (){ _wpbc.balancer__set_max_threads( 3 );  _wpbc.calendar__set_param_value( 1 , 'calendar_scroll_to' , false );  _wpbc.calendar__set_param_value( 1 , 'booking_max_monthes_in_calendar' , '2y' );  _wpbc.calendar__set_param_value( 1 , 'booking_start_day_weeek' , '0' );  _wpbc.calendar__set_param_value( 1 , 'calendar_number_of_months' , '1' );   _wpbc.calendar__set_param_value( 1, 'days_select_mode', 'multiple' );   _wpbc.calendar__set_param_value( 1, 'fixed__days_num', 0 );   _wpbc.calendar__set_param_value( 1, 'fixed__week_days__start',   [] );   _wpbc.calendar__set_param_value( 1, 'dynamic__days_min', 0 );   _wpbc.calendar__set_param_value( 1, 'dynamic__days_max', 0 );   _wpbc.calendar__set_param_value( 1, 'dynamic__days_specific',    [] );   _wpbc.calendar__set_param_value( 1, 'dynamic__week_days__start', [] );   _wpbc.calendar__set_param_value( 1, 'booking_date_format', 'd\/m\/Y' );   _wpbc.calendar__set_param_value( 1, 'booking_time_format', 'H:i' );   if ( 'function' === typeof ( wpbc__conditions__SAVE_INITIAL__days_selection_params__bm ) ){ wpbc__conditions__SAVE_INITIAL__days_selection_params__bm( 1 ); }   wpbc_calendar_show( '1' );   _wpbc.set_secure_param( 'nonce',   '91bb756b1c' );   _wpbc.set_secure_param( 'user_id', '0' );   _wpbc.set_secure_param( 'locale',  'fr_FR' );  wpbc_calendar__load_data__ajx( {\"resource_id\":1,\"booking_hash\":\"\",\"request_uri\":\"\\\/fr\\\/wp-json\\\/wp\\\/v2\\\/pages\\\/2012\",\"custom_form\":\"standard\",\"aggregate_resource_id_str\":\"\",\"aggregate_type\":\"all\"} ); } ); }, 500 ); })();<\/script>","protected":false},"excerpt":{"rendered":"","protected":false},"author":2,"featured_media":0,"parent":0,"menu_order":0,"comment_status":"closed","ping_status":"closed","template":"","meta":{"footnotes":""},"class_list":["post-2012","page","type-page","status-publish","hentry"],"yoast_head":"<!-- This site is optimized with the Yoast SEO Premium plugin v26.8 (Yoast SEO v26.9) - https:\/\/yoast.com\/product\/yoast-seo-premium-wordpress\/ -->\n<title>Booking<\/title>\n<meta name=\"description\" content=\"Daily cruises Chrissi Island Crete. Boat tours from Ierapetra with luxury private, semi-private and classic options. Authentic Cretan meals and diving.\ufeff\" \/>\n<meta name=\"robots\" content=\"index, follow, max-snippet:-1, max-image-preview:large, max-video-preview:-1\" \/>\n<link rel=\"canonical\" href=\"https:\/\/archageloscruises.com\/fr\/wp-booking-calendar\/\" \/>\n<meta property=\"og:locale\" content=\"fr_FR\" \/>\n<meta property=\"og:type\" content=\"article\" \/>\n<meta property=\"og:title\" content=\"\u03a6\u03cc\u03c1\u03bc\u03b1 \u039a\u03c1\u03ac\u03c4\u03b7\u03c3\u03b7\u03c2\" \/>\n<meta property=\"og:description\" content=\"Daily cruises Chrissi Island Crete. Boat tours from Ierapetra with luxury private, semi-private and classic options. Authentic Cretan meals and diving.\ufeff\" \/>\n<meta property=\"og:url\" content=\"https:\/\/archageloscruises.com\/fr\/wp-booking-calendar\/\" \/>\n<meta property=\"og:site_name\" content=\"Archagelos Cruises\" \/>\n<meta property=\"article:publisher\" content=\"https:\/\/www.facebook.com\/ARCHAGELOSCRUISESIERAPETRA\" \/>\n<meta property=\"og:image\" content=\"https:\/\/archageloscruises.com\/wp-content\/uploads\/2025\/01\/IMG_0746.jpg\" \/>\n\t<meta property=\"og:image:width\" content=\"1440\" \/>\n\t<meta property=\"og:image:height\" content=\"960\" \/>\n\t<meta property=\"og:image:type\" content=\"image\/jpeg\" \/>\n<meta name=\"twitter:card\" content=\"summary_large_image\" \/>\n<script type=\"application\/ld+json\" class=\"yoast-schema-graph\">{\"@context\":\"https:\/\/schema.org\",\"@graph\":[{\"@type\":\"WebPage\",\"@id\":\"https:\/\/archageloscruises.com\/wp-booking-calendar\/\",\"url\":\"https:\/\/archageloscruises.com\/wp-booking-calendar\/\",\"name\":\"Booking\",\"isPartOf\":{\"@id\":\"https:\/\/archageloscruises.com\/#website\"},\"datePublished\":\"2025-01-26T22:09:11+00:00\",\"description\":\"Daily cruises Chrissi Island Crete. Boat tours from Ierapetra with luxury private, semi-private and classic options. Authentic Cretan meals and diving.\ufeff\",\"breadcrumb\":{\"@id\":\"https:\/\/archageloscruises.com\/wp-booking-calendar\/#breadcrumb\"},\"inLanguage\":\"fr-FR\",\"potentialAction\":[{\"@type\":\"ReadAction\",\"target\":[\"https:\/\/archageloscruises.com\/wp-booking-calendar\/\"]}]},{\"@type\":\"BreadcrumbList\",\"@id\":\"https:\/\/archageloscruises.com\/wp-booking-calendar\/#breadcrumb\",\"itemListElement\":[{\"@type\":\"ListItem\",\"position\":1,\"name\":\"\u0391\u03c1\u03c7\u03b9\u03ba\u03ae\",\"item\":\"https:\/\/archageloscruises.com\/\"},{\"@type\":\"ListItem\",\"position\":2,\"name\":\"\u03a6\u03cc\u03c1\u03bc\u03b1 \u039a\u03c1\u03ac\u03c4\u03b7\u03c3\u03b7\u03c2\"}]},{\"@type\":\"WebSite\",\"@id\":\"https:\/\/archageloscruises.com\/#website\",\"url\":\"https:\/\/archageloscruises.com\/\",\"name\":\"Archagelos Cruises\",\"description\":\"Archagelos Cruises\",\"publisher\":{\"@id\":\"https:\/\/archageloscruises.com\/#organization\"},\"alternateName\":\"Chrissi Island Daily Cruises Archagelos Ierapetra\",\"potentialAction\":[{\"@type\":\"SearchAction\",\"target\":{\"@type\":\"EntryPoint\",\"urlTemplate\":\"https:\/\/archageloscruises.com\/?s={search_term_string}\"},\"query-input\":{\"@type\":\"PropertyValueSpecification\",\"valueRequired\":true,\"valueName\":\"search_term_string\"}}],\"inLanguage\":\"fr-FR\"},{\"@type\":\"Organization\",\"@id\":\"https:\/\/archageloscruises.com\/#organization\",\"name\":\"Archagelos Cruises\",\"url\":\"https:\/\/archageloscruises.com\/\",\"logo\":{\"@type\":\"ImageObject\",\"inLanguage\":\"fr-FR\",\"@id\":\"https:\/\/archageloscruises.com\/#\/schema\/logo\/image\/\",\"url\":\"https:\/\/archageloscruises.com\/wp-content\/uploads\/2022\/08\/logo_small.png\",\"contentUrl\":\"https:\/\/archageloscruises.com\/wp-content\/uploads\/2022\/08\/logo_small.png\",\"width\":600,\"height\":424,\"caption\":\"Archagelos Cruises\"},\"image\":{\"@id\":\"https:\/\/archageloscruises.com\/#\/schema\/logo\/image\/\"},\"sameAs\":[\"https:\/\/www.facebook.com\/ARCHAGELOSCRUISESIERAPETRA\",\"https:\/\/www.instagram.com\/chrissi_island_archagelos\/\"],\"email\":\"archageloscruises@gmail.com\",\"telephone\":\"( +30 ) 6978 277 584\",\"legalName\":\"Archagelos Cruises Daily Cruises Chrissi Island\"}]}<\/script>\n<!-- \/ Yoast SEO Premium plugin. -->","yoast_head_json":{"title":"Booking","description":"Daily cruises Chrissi Island Crete. Boat tours from Ierapetra with luxury private, semi-private and classic options. Authentic Cretan meals and diving.\ufeff","robots":{"index":"index","follow":"follow","max-snippet":"max-snippet:-1","max-image-preview":"max-image-preview:large","max-video-preview":"max-video-preview:-1"},"canonical":"https:\/\/archageloscruises.com\/fr\/wp-booking-calendar\/","og_locale":"fr_FR","og_type":"article","og_title":"\u03a6\u03cc\u03c1\u03bc\u03b1 \u039a\u03c1\u03ac\u03c4\u03b7\u03c3\u03b7\u03c2","og_description":"Daily cruises Chrissi Island Crete. Boat tours from Ierapetra with luxury private, semi-private and classic options. Authentic Cretan meals and diving.\ufeff","og_url":"https:\/\/archageloscruises.com\/fr\/wp-booking-calendar\/","og_site_name":"Archagelos Cruises","article_publisher":"https:\/\/www.facebook.com\/ARCHAGELOSCRUISESIERAPETRA","og_image":[{"width":1440,"height":960,"url":"https:\/\/archageloscruises.com\/wp-content\/uploads\/2025\/01\/IMG_0746.jpg","type":"image\/jpeg"}],"twitter_card":"summary_large_image","schema":{"@context":"https:\/\/schema.org","@graph":[{"@type":"WebPage","@id":"https:\/\/archageloscruises.com\/wp-booking-calendar\/","url":"https:\/\/archageloscruises.com\/wp-booking-calendar\/","name":"Booking","isPartOf":{"@id":"https:\/\/archageloscruises.com\/#website"},"datePublished":"2025-01-26T22:09:11+00:00","description":"Daily cruises Chrissi Island Crete. Boat tours from Ierapetra with luxury private, semi-private and classic options. Authentic Cretan meals and diving.\ufeff","breadcrumb":{"@id":"https:\/\/archageloscruises.com\/wp-booking-calendar\/#breadcrumb"},"inLanguage":"fr-FR","potentialAction":[{"@type":"ReadAction","target":["https:\/\/archageloscruises.com\/wp-booking-calendar\/"]}]},{"@type":"BreadcrumbList","@id":"https:\/\/archageloscruises.com\/wp-booking-calendar\/#breadcrumb","itemListElement":[{"@type":"ListItem","position":1,"name":"\u0391\u03c1\u03c7\u03b9\u03ba\u03ae","item":"https:\/\/archageloscruises.com\/"},{"@type":"ListItem","position":2,"name":"\u03a6\u03cc\u03c1\u03bc\u03b1 \u039a\u03c1\u03ac\u03c4\u03b7\u03c3\u03b7\u03c2"}]},{"@type":"WebSite","@id":"https:\/\/archageloscruises.com\/#website","url":"https:\/\/archageloscruises.com\/","name":"Archagelos Cruises","description":"Archagelos Cruises","publisher":{"@id":"https:\/\/archageloscruises.com\/#organization"},"alternateName":"Chrissi Island Daily Cruises Archagelos Ierapetra","potentialAction":[{"@type":"SearchAction","target":{"@type":"EntryPoint","urlTemplate":"https:\/\/archageloscruises.com\/?s={search_term_string}"},"query-input":{"@type":"PropertyValueSpecification","valueRequired":true,"valueName":"search_term_string"}}],"inLanguage":"fr-FR"},{"@type":"Organization","@id":"https:\/\/archageloscruises.com\/#organization","name":"Archagelos Cruises","url":"https:\/\/archageloscruises.com\/","logo":{"@type":"ImageObject","inLanguage":"fr-FR","@id":"https:\/\/archageloscruises.com\/#\/schema\/logo\/image\/","url":"https:\/\/archageloscruises.com\/wp-content\/uploads\/2022\/08\/logo_small.png","contentUrl":"https:\/\/archageloscruises.com\/wp-content\/uploads\/2022\/08\/logo_small.png","width":600,"height":424,"caption":"Archagelos Cruises"},"image":{"@id":"https:\/\/archageloscruises.com\/#\/schema\/logo\/image\/"},"sameAs":["https:\/\/www.facebook.com\/ARCHAGELOSCRUISESIERAPETRA","https:\/\/www.instagram.com\/chrissi_island_archagelos\/"],"email":"archageloscruises@gmail.com","telephone":"( +30 ) 6978 277 584","legalName":"Archagelos Cruises Daily Cruises Chrissi Island"}]}},"_links":{"self":[{"href":"https:\/\/archageloscruises.com\/fr\/wp-json\/wp\/v2\/pages\/2012","targetHints":{"allow":["GET"]}}],"collection":[{"href":"https:\/\/archageloscruises.com\/fr\/wp-json\/wp\/v2\/pages"}],"about":[{"href":"https:\/\/archageloscruises.com\/fr\/wp-json\/wp\/v2\/types\/page"}],"author":[{"embeddable":true,"href":"https:\/\/archageloscruises.com\/fr\/wp-json\/wp\/v2\/users\/2"}],"replies":[{"embeddable":true,"href":"https:\/\/archageloscruises.com\/fr\/wp-json\/wp\/v2\/comments?post=2012"}],"version-history":[{"count":0,"href":"https:\/\/archageloscruises.com\/fr\/wp-json\/wp\/v2\/pages\/2012\/revisions"}],"wp:attachment":[{"href":"https:\/\/archageloscruises.com\/fr\/wp-json\/wp\/v2\/media?parent=2012"}],"curies":[{"name":"wp","href":"https:\/\/api.w.org\/{rel}","templated":true}]}}