{"id":1073,"date":"2023-01-22T09:42:49","date_gmt":"2023-01-22T06:42:49","guid":{"rendered":"http:\/\/archageloscruises.com\/?page_id=1073"},"modified":"2026-01-26T15:18:59","modified_gmt":"2026-01-26T12:18:59","slug":"koufonisi-2","status":"publish","type":"page","link":"https:\/\/archageloscruises.com\/pl\/koufonisi-2\/","title":{"rendered":"KUFONISI"},"content":{"rendered":"<section class=\"section has-parallax\" id=\"section_984556142\">\n\t\t<div class=\"section-bg fill\" data-parallax-container=\".section\" data-parallax-background data-parallax=\"-7\">\n\t\t\t<img decoding=\"async\" width=\"2560\" height=\"1756\" src=\"https:\/\/archageloscruises.com\/wp-content\/uploads\/2024\/01\/shutterstock_717850483-scaled.jpg\" class=\"bg attachment-original size-original\" alt=\"\" \/>\t\t\t\t\t\t\n\t\t\t\n\n\t\t<\/div>\n\n\t\t\n\n\t\t<div class=\"section-content relative\">\n\t\t\t\n\n\n\t\t<\/div>\n\n\t\t\n<style>\n#section_984556142 {\n  padding-top: 30px;\n  padding-bottom: 30px;\n  min-height: 350px;\n}\n#section_984556142 .section-bg img {\n  object-position: 53% 0%;\n}\n@media (min-width:550px) {\n  #section_984556142 {\n    min-height: 450px;\n  }\n}\n@media (min-width:850px) {\n  #section_984556142 {\n    min-height: 730px;\n  }\n}\n<\/style>\n\t<\/section>\n\t\n\n\t<section class=\"section\" id=\"section_1819047516\">\n\t\t<div class=\"section-bg fill\" >\n\t\t\t\t\t\t\t\t\t\n\t\t\t\n\n\t\t<\/div>\n\n\t\t\n\n\t\t<div class=\"section-content relative\">\n\t\t\t\n\n<div class=\"row\" style=\"max-width:1200px\" id=\"row-1796150353\">\n\n\n\t<div id=\"col-1653868683\" class=\"col small-12 large-12\"  >\n\t\t\t\t<div class=\"col-inner text-center\" style=\"background-color:rgb(255, 255, 255);\" >\n\t\t\t\n\t\t\t\n\n\t<div id=\"text-1332062077\" class=\"text\">\n\t\t\n\n<h2 class=\"elementor-heading-title elementor-size-default\"><span style=\"font-size: 160%;\">Koufonissi<\/span><\/h2>\n\t\t\n<style>\n#text-1332062077 {\n  font-size: 1.75rem;\n}\n<\/style>\n\t<\/div>\n\t\n<div class=\"row\" style=\"max-width:1200px\" id=\"row-375771654\">\n\n\n\t<div id=\"col-418753870\" class=\"col medium-12 small-12 large-6\"  data-animate=\"fadeInUp\">\n\t\t\t\t<div class=\"col-inner\"  >\n\t\t\t\n\t\t\t\n\n\t<div id=\"gap-1208938822\" class=\"gap-element clearfix\" style=\"display:block; height:auto;\">\n\t\t\n<style>\n#gap-1208938822 {\n  padding-top: 5px;\n}\n@media (min-width:550px) {\n  #gap-1208938822 {\n    padding-top: 0px;\n  }\n}\n<\/style>\n\t<\/div>\n\t\n\n\t<div id=\"text-3019498474\" class=\"text\">\n\t\t\n\n<p>Koufonisi to niezamieszkana wyspa na Morzu Libijskim, po\u0142o\u017cona w po\u0142udniowo-wschodniej cz\u0119\u015bci Krety, dok\u0142adnie 3 mile morskie na po\u0142udnie od przyl\u0105dka Goudoura. Powierzchnia wyspy wynosi oko\u0142o 4,26 km kw. Nazwa \"Koufonissi\" pochodzi od wielu do\u0142\u00f3w i jaski\u0144 utworzonych przez morze i deszcz. Jednocze\u015bnie nazywana jest r\u00f3wnie\u017c \"bia\u0142\u0105\" ze wzgl\u0119du na bia\u0142e ska\u0142y, kt\u00f3re mo\u017cna tam znale\u017a\u0107! By\u0142o to centrum gospodarcze i kulturalne od czas\u00f3w minojskich do grecko-rzymskich, poniewa\u017c jego dno morskie by\u0142o bogate w g\u0105bki i muszle. Na wyspie znajduje si\u0119 imponuj\u0105cy staro\u017cytny teatr i wiele znalezisk archeologicznych.\u00a0<\/p>\n\t\t\n<style>\n#text-3019498474 {\n  text-align: left;\n}\n<\/style>\n\t<\/div>\n\t\n\n\t\t<\/div>\n\t\t\t\t\n<style>\n#col-418753870 > .col-inner {\n  padding: 0px 30px 0px 30px;\n}\n@media (min-width:550px) {\n  #col-418753870 > .col-inner {\n    padding: 0 50px 20px 50px;\n  }\n}\n@media (min-width:850px) {\n  #col-418753870 > .col-inner {\n    padding: 0px 50px 50px 70px;\n  }\n}\n<\/style>\n\t<\/div>\n\n\t\n\n\t<div id=\"col-1752078774\" class=\"col medium-12 small-12 large-6\"  data-animate=\"fadeInUp\">\n\t\t\t\t<div class=\"col-inner\"  >\n\t\t\t\n\t\t\t\n\n\t<div id=\"text-1117539358\" class=\"text\">\n\t\t\n\n<p>Dzi\u015b jest schronieniem dla rybak\u00f3w przed silnymi wiatrami po\u0142udniowego i krete\u0144skiego morza! Na wyspie znajduje si\u0119 36 z\u0142otych pla\u017c z czyst\u0105, b\u0142\u0119kitn\u0105 wod\u0105! W pobli\u017cu jednej z nich, studni, znajduje si\u0119 \"pi\u0119kno\" wyspy, pi\u0119kny ko\u015bci\u00f3\u0142 Agios Nikolaos, patrona \u017ceglarzy z tego obszaru!\u00a0<\/p>\n<p>Ca\u0142a wyspa jest obszarem chronionym Natura 2000, a dost\u0119p do wszystkich pla\u017c nie jest dozwolony. W przypadku wszystkich niedost\u0119pnych pla\u017c mo\u017cliwa jest jedynie obserwacja z pok\u0142adu samolotu. Wyspa przypomina afryka\u0144sk\u0105 pustyni\u0119 z drzewami tamaryszkowymi i rzadkimi krzewami, a ka\u017cdy odwiedzaj\u0105cy j\u0105 podr\u00f3\u017cnik ma mo\u017cliwo\u015b\u0107 p\u0142ywania w jej g\u0142\u0119bokich, b\u0142\u0119kitnych wodach i podziwiania widoku bia\u0142ych ska\u0142.<\/p>\n\t\t\n<style>\n#text-1117539358 {\n  text-align: left;\n}\n<\/style>\n\t<\/div>\n\t\n\n\t\t<\/div>\n\t\t\t\t\n<style>\n#col-1752078774 > .col-inner {\n  padding: 20px 20px 0px 20px;\n}\n@media (min-width:550px) {\n  #col-1752078774 > .col-inner {\n    padding: 50px 50px 0 50px;\n  }\n}\n@media (min-width:850px) {\n  #col-1752078774 > .col-inner {\n    padding: 0px 50px 20px 0px;\n  }\n}\n<\/style>\n\t<\/div>\n\n\t\n\n<\/div>\n\n\t\t<\/div>\n\t\t\t\t\n<style>\n#col-1653868683 > .col-inner {\n  padding: 30px 0px 0px 0px;\n  margin: -100px 0px 0px 0px;\n}\n@media (min-width:550px) {\n  #col-1653868683 > .col-inner {\n    margin: -150px 0px 0px 0px;\n  }\n}\n<\/style>\n\t<\/div>\n\n\t\n\n<\/div>\n\t<div id=\"gap-932977308\" class=\"gap-element clearfix\" style=\"display:block; height:auto;\">\n\t\t\n<style>\n#gap-932977308 {\n  padding-top: 15px;\n}\n@media (min-width:550px) {\n  #gap-932977308 {\n    padding-top: 55px;\n  }\n}\n<\/style>\n\t<\/div>\n\t\n\n\n\t<div id=\"gap-433598644\" class=\"gap-element clearfix\" style=\"display:block; height:auto;\">\n\t\t\n<style>\n#gap-433598644 {\n  padding-top: 30px;\n}\n<\/style>\n\t<\/div>\n\t\n\n\n\t\t<\/div>\n\n\t\t\n<style>\n#section_1819047516 {\n  padding-top: 30px;\n  padding-bottom: 30px;\n  background-color: rgb(237, 233, 227);\n}\n<\/style>\n\t<\/section>\n\t\n\n\n\n\t<section class=\"section\" id=\"section_1881852285\">\n\t\t<div class=\"section-bg fill\" >\n\t\t\t\t\t\t\t\t\t\n\t\t\t\n\n\t\t<\/div>\n\n\t\t\n\n\t\t<div class=\"section-content relative\">\n\t\t\t\n\n<div class=\"row\" style=\"max-width:1200px\" id=\"row-785452670\">\n\n\n\t<div id=\"col-1966105945\" class=\"col small-12 large-12\"  >\n\t\t\t\t<div class=\"col-inner\"  >\n\t\t\t\n\t\t\t\n\n  <div class=\"banner-grid-wrapper\">\n  <div id=\"banner-grid-774924416\" class=\"banner-grid row row-grid row-xsmall row-full-width\" data-packery-options=\"\">\n                      \n\n<div class=\"col grid-col small-12 large-3 grid-col-2-3\" ><div class=\"col-inner\">\n\n\n  <div class=\"banner has-hover bg-glow\" id=\"banner-1027956803\">\n          <div class=\"banner-inner fill\">\n        <div class=\"banner-bg fill\" >\n            <img decoding=\"async\" width=\"830\" height=\"463\" src=\"https:\/\/archageloscruises.com\/wp-content\/uploads\/2025\/01\/IMG_0807-1.webp\" class=\"bg attachment-original size-original\" alt=\"\" \/>                                    \n                    <\/div>\n\t\t\n        <div class=\"banner-layers container\">\n            <a class=\"fill\" href=\"#\" ><div class=\"fill banner-link\"><\/div><\/a>            \n\n   <div id=\"text-box-458728973\" class=\"text-box banner-layer x50 md-x50 lg-x50 y50 md-y50 lg-y50 res-text\">\n                                <div class=\"text-box-content text dark\">\n              \n              <div class=\"text-inner text-center\">\n                  \n\n\n              <\/div>\n           <\/div>\n                            \n<style>\n#text-box-458728973 {\n  width: 60%;\n}\n#text-box-458728973 .text-box-content {\n  font-size: 100%;\n}\n@media (min-width:550px) {\n  #text-box-458728973 {\n    width: 60%;\n  }\n}\n<\/style>\n    <\/div>\n \n\n        <\/div>\n      <\/div>\n\n            \n<style>\n#banner-1027956803 {\n  padding-top: 300px;\n  background-color: rgb(237, 233, 227);\n}\n#banner-1027956803 .banner-bg img {\n  object-position: 42% 86%;\n}\n@media (min-width:850px) {\n  #banner-1027956803 {\n    padding-top: 500px;\n  }\n}\n<\/style>\n  <\/div>\n\n\n\n<\/div><\/div>\n<div class=\"col grid-col small-12 large-6 grid-col-1\" ><div class=\"col-inner\">\n\n\n  <div class=\"banner has-hover bg-glow\" id=\"banner-1199456250\">\n          <div class=\"banner-inner fill\">\n        <div class=\"banner-bg fill\" >\n            <img decoding=\"async\" width=\"2560\" height=\"1756\" src=\"https:\/\/archageloscruises.com\/wp-content\/uploads\/2024\/01\/shutterstock_717850483-scaled.jpg\" class=\"bg attachment-original size-original\" alt=\"\" \/>                                    \n                    <\/div>\n\t\t\n        <div class=\"banner-layers container\">\n            <a class=\"fill\" href=\"#\" ><div class=\"fill banner-link\"><\/div><\/a>            \n\n   <div id=\"text-box-560246198\" class=\"text-box banner-layer x50 md-x50 lg-x50 y50 md-y50 lg-y50 res-text\">\n                                <div class=\"text-box-content text dark\">\n              \n              <div class=\"text-inner text-center\">\n                  \n\n\n              <\/div>\n           <\/div>\n                            \n<style>\n#text-box-560246198 {\n  width: 60%;\n}\n#text-box-560246198 .text-box-content {\n  font-size: 100%;\n}\n@media (min-width:550px) {\n  #text-box-560246198 {\n    width: 60%;\n  }\n}\n<\/style>\n    <\/div>\n \n\n        <\/div>\n      <\/div>\n\n            \n<style>\n#banner-1199456250 {\n  padding-top: 400px;\n  background-color: rgb(237, 233, 227);\n}\n@media (min-width:850px) {\n  #banner-1199456250 {\n    padding-top: 500px;\n  }\n}\n<\/style>\n  <\/div>\n\n\n\n<\/div><\/div>\n<div class=\"col grid-col small-12 large-3 grid-col-1-3\" ><div class=\"col-inner\">\n\n\n  <div class=\"banner has-hover bg-glow\" id=\"banner-1508646199\">\n          <div class=\"banner-inner fill\">\n        <div class=\"banner-bg fill\" >\n            <img decoding=\"async\" width=\"971\" height=\"971\" src=\"https:\/\/archageloscruises.com\/wp-content\/uploads\/2025\/01\/IMG_0750.jpg\" class=\"bg attachment-original size-original\" alt=\"\" \/>                                    \n                    <\/div>\n\t\t\n        <div class=\"banner-layers container\">\n            <a class=\"fill\" href=\"#\" ><div class=\"fill banner-link\"><\/div><\/a>            \n\n   <div id=\"text-box-283802053\" class=\"text-box banner-layer x50 md-x50 lg-x50 y50 md-y50 lg-y50 res-text\">\n                                <div class=\"text-box-content text dark\">\n              \n              <div class=\"text-inner text-center\">\n                  \n\n\n              <\/div>\n           <\/div>\n                            \n<style>\n#text-box-283802053 {\n  width: 60%;\n}\n#text-box-283802053 .text-box-content {\n  font-size: 100%;\n}\n@media (min-width:550px) {\n  #text-box-283802053 {\n    width: 60%;\n  }\n}\n<\/style>\n    <\/div>\n \n\n        <\/div>\n      <\/div>\n\n            \n<style>\n#banner-1508646199 {\n  padding-top: 300px;\n  background-color: rgb(237, 233, 227);\n}\n#banner-1508646199 .banner-bg img {\n  object-position: 40% 25%;\n}\n@media (min-width:850px) {\n  #banner-1508646199 {\n    padding-top: 500px;\n  }\n}\n<\/style>\n  <\/div>\n\n\n\n<\/div><\/div>\n<div class=\"col grid-col small-12 large-3 grid-col-2-3\" ><div class=\"col-inner\">\n\n\n  <div class=\"banner has-hover bg-glow\" id=\"banner-81015685\">\n          <div class=\"banner-inner fill\">\n        <div class=\"banner-bg fill\" >\n            <img decoding=\"async\" width=\"1200\" height=\"1601\" src=\"https:\/\/archageloscruises.com\/wp-content\/uploads\/2023\/02\/IMG_2210-1.jpg\" class=\"bg attachment-original size-original\" alt=\"\" \/>                                    \n                    <\/div>\n\t\t\n        <div class=\"banner-layers container\">\n            <a class=\"fill\" href=\"#\" ><div class=\"fill banner-link\"><\/div><\/a>            \n\n   <div id=\"text-box-137045600\" class=\"text-box banner-layer x50 md-x50 lg-x50 y50 md-y50 lg-y50 res-text\">\n                                <div class=\"text-box-content text dark\">\n              \n              <div class=\"text-inner text-center\">\n                  \n\n\n              <\/div>\n           <\/div>\n                            \n<style>\n#text-box-137045600 {\n  width: 60%;\n}\n#text-box-137045600 .text-box-content {\n  font-size: 100%;\n}\n@media (min-width:550px) {\n  #text-box-137045600 {\n    width: 60%;\n  }\n}\n<\/style>\n    <\/div>\n \n\n        <\/div>\n      <\/div>\n\n            \n<style>\n#banner-81015685 {\n  padding-top: 300px;\n  background-color: rgb(237, 233, 227);\n}\n#banner-81015685 .banner-bg img {\n  object-position: 57% 74%;\n}\n@media (min-width:850px) {\n  #banner-81015685 {\n    padding-top: 500px;\n  }\n}\n<\/style>\n  <\/div>\n\n\n\n<\/div><\/div>\n<div class=\"col grid-col small-12 large-3 grid-col-1-3\" ><div class=\"col-inner\">\n\n\n  <div class=\"banner has-hover bg-glow\" id=\"banner-453883727\">\n          <div class=\"banner-inner fill\">\n        <div class=\"banner-bg fill\" >\n            <img decoding=\"async\" width=\"1440\" height=\"1440\" src=\"https:\/\/archageloscruises.com\/wp-content\/uploads\/2025\/01\/IMG_0770.jpg\" class=\"bg attachment-original size-original\" alt=\"\" \/>                                    \n                    <\/div>\n\t\t\n        <div class=\"banner-layers container\">\n            <a class=\"fill\" href=\"#\" ><div class=\"fill banner-link\"><\/div><\/a>            \n\n   <div id=\"text-box-1371176935\" class=\"text-box banner-layer x50 md-x50 lg-x50 y50 md-y50 lg-y50 res-text\">\n                                <div class=\"text-box-content text dark\">\n              \n              <div class=\"text-inner text-center\">\n                  \n\n\n              <\/div>\n           <\/div>\n                            \n<style>\n#text-box-1371176935 {\n  width: 60%;\n}\n#text-box-1371176935 .text-box-content {\n  font-size: 100%;\n}\n@media (min-width:550px) {\n  #text-box-1371176935 {\n    width: 60%;\n  }\n}\n<\/style>\n    <\/div>\n \n\n        <\/div>\n      <\/div>\n\n            \n<style>\n#banner-453883727 {\n  padding-top: 300px;\n  background-color: rgb(237, 233, 227);\n}\n#banner-453883727 .banner-bg img {\n  object-position: 13% 95%;\n}\n@media (min-width:850px) {\n  #banner-453883727 {\n    padding-top: 500px;\n  }\n}\n<\/style>\n  <\/div>\n\n\n\n<\/div><\/div>\n\n            <\/div>\n    <style>\n    #banner-grid-774924416 .grid-col-1{height: 561px}\n    #banner-grid-774924416 .grid-col-1-2{height: 280.5px}\n    #banner-grid-774924416 .grid-col-1-3{height:187px}\n    #banner-grid-774924416 .grid-col-2-3{height: 374px}\n    #banner-grid-774924416 .grid-col-1-4{height: 140.25px}\n    #banner-grid-774924416 .grid-col-3-4{height: 420.75px}\n\n\n        \/* Tablet *\/\n    @media (max-width: 850px){\n      #banner-grid-774924416 .grid-col-1{height: 373px}\n      #banner-grid-774924416 .grid-col-1-2{height: 186.5px}\n      #banner-grid-774924416 .grid-col-1-3{height:124.33333333333px}\n      #banner-grid-774924416 .grid-col-2-3{height: 248.66666666667px}\n      #banner-grid-774924416 .grid-col-1-4{height: 93.25px}\n      #banner-grid-774924416 .grid-col-3-4{height: 279.75px}\n    }\n    \n    \n\n  <\/style>\n    <\/div>\n  \n\n\t\t<\/div>\n\t\t\t\t\t<\/div>\n\n\t\n\n<\/div>\n\t<div id=\"gap-1548652649\" class=\"gap-element clearfix\" style=\"display:block; height:auto;\">\n\t\t\n<style>\n#gap-1548652649 {\n  padding-top: 40px;\n}\n@media (min-width:850px) {\n  #gap-1548652649 {\n    padding-top: 80px;\n  }\n}\n<\/style>\n\t<\/div>\n\t\n\n\n\t\t<\/div>\n\n\t\t\n<style>\n#section_1881852285 {\n  padding-top: 30px;\n  padding-bottom: 30px;\n  background-color: rgb(237, 233, 227);\n}\n<\/style>\n\t<\/section>","protected":false},"excerpt":{"rendered":"","protected":false},"author":2,"featured_media":0,"parent":0,"menu_order":0,"comment_status":"closed","ping_status":"closed","template":"page-blank.php","meta":{"footnotes":""},"class_list":["post-1073","page","type-page","status-publish","hentry"],"yoast_head":"<!-- This site is optimized with the Yoast SEO Premium plugin v26.8 (Yoast SEO v26.9) - https:\/\/yoast.com\/product\/yoast-seo-premium-wordpress\/ -->\n<title>\u039a\u039f\u03a5\u03a6\u039f\u039d\u0397\u03a3\u0399 | Archagelos Cruises<\/title>\n<meta name=\"description\" content=\"Daily cruises Chrissi Island Crete. Boat tours from Ierapetra with luxury private, semi-private and classic options. Authentic Cretan meals and diving.\ufeff\" \/>\n<meta name=\"robots\" content=\"index, follow, max-snippet:-1, max-image-preview:large, max-video-preview:-1\" \/>\n<link rel=\"canonical\" href=\"https:\/\/archageloscruises.com\/pl\/koufonisi-2\/\" \/>\n<meta property=\"og:locale\" content=\"pl_PL\" \/>\n<meta property=\"og:type\" content=\"article\" \/>\n<meta property=\"og:title\" content=\"\u039a\u039f\u03a5\u03a6\u039f\u039d\u0397\u03a3\u0399\" \/>\n<meta property=\"og:description\" content=\"Daily cruises Chrissi Island Crete. Boat tours from Ierapetra with luxury private, semi-private and classic options. Authentic Cretan meals and diving.\ufeff\" \/>\n<meta property=\"og:url\" content=\"https:\/\/archageloscruises.com\/pl\/koufonisi-2\/\" \/>\n<meta property=\"og:site_name\" content=\"Archagelos Cruises\" \/>\n<meta property=\"article:publisher\" content=\"https:\/\/www.facebook.com\/ARCHAGELOSCRUISESIERAPETRA\" \/>\n<meta property=\"article:modified_time\" content=\"2026-01-26T12:18:59+00:00\" \/>\n<meta property=\"og:image\" content=\"https:\/\/archageloscruises.com\/wp-content\/uploads\/2025\/01\/IMG_0746.jpg\" \/>\n\t<meta property=\"og:image:width\" content=\"1440\" \/>\n\t<meta property=\"og:image:height\" content=\"960\" \/>\n\t<meta property=\"og:image:type\" content=\"image\/jpeg\" \/>\n<meta name=\"twitter:card\" content=\"summary_large_image\" \/>\n<meta name=\"twitter:label1\" content=\"Szacowany czas czytania\" \/>\n\t<meta name=\"twitter:data1\" content=\"1 minuta\" \/>\n<script type=\"application\/ld+json\" class=\"yoast-schema-graph\">{\"@context\":\"https:\/\/schema.org\",\"@graph\":[{\"@type\":\"WebPage\",\"@id\":\"https:\/\/archageloscruises.com\/koufonisi-2\/\",\"url\":\"https:\/\/archageloscruises.com\/koufonisi-2\/\",\"name\":\"\u039a\u039f\u03a5\u03a6\u039f\u039d\u0397\u03a3\u0399 | Archagelos Cruises\",\"isPartOf\":{\"@id\":\"https:\/\/archageloscruises.com\/#website\"},\"datePublished\":\"2023-01-22T06:42:49+00:00\",\"dateModified\":\"2026-01-26T12:18:59+00:00\",\"description\":\"Daily cruises Chrissi Island Crete. Boat tours from Ierapetra with luxury private, semi-private and classic options. Authentic Cretan meals and diving.\ufeff\",\"breadcrumb\":{\"@id\":\"https:\/\/archageloscruises.com\/koufonisi-2\/#breadcrumb\"},\"inLanguage\":\"pl-PL\",\"potentialAction\":[{\"@type\":\"ReadAction\",\"target\":[\"https:\/\/archageloscruises.com\/koufonisi-2\/\"]}]},{\"@type\":\"BreadcrumbList\",\"@id\":\"https:\/\/archageloscruises.com\/koufonisi-2\/#breadcrumb\",\"itemListElement\":[{\"@type\":\"ListItem\",\"position\":1,\"name\":\"\u0391\u03c1\u03c7\u03b9\u03ba\u03ae\",\"item\":\"https:\/\/archageloscruises.com\/\"},{\"@type\":\"ListItem\",\"position\":2,\"name\":\"\u039a\u039f\u03a5\u03a6\u039f\u039d\u0397\u03a3\u0399\"}]},{\"@type\":\"WebSite\",\"@id\":\"https:\/\/archageloscruises.com\/#website\",\"url\":\"https:\/\/archageloscruises.com\/\",\"name\":\"Archagelos Cruises\",\"description\":\"Archagelos Cruises\",\"publisher\":{\"@id\":\"https:\/\/archageloscruises.com\/#organization\"},\"alternateName\":\"Chrissi Island Daily Cruises Archagelos Ierapetra\",\"potentialAction\":[{\"@type\":\"SearchAction\",\"target\":{\"@type\":\"EntryPoint\",\"urlTemplate\":\"https:\/\/archageloscruises.com\/?s={search_term_string}\"},\"query-input\":{\"@type\":\"PropertyValueSpecification\",\"valueRequired\":true,\"valueName\":\"search_term_string\"}}],\"inLanguage\":\"pl-PL\"},{\"@type\":\"Organization\",\"@id\":\"https:\/\/archageloscruises.com\/#organization\",\"name\":\"Archagelos Cruises\",\"url\":\"https:\/\/archageloscruises.com\/\",\"logo\":{\"@type\":\"ImageObject\",\"inLanguage\":\"pl-PL\",\"@id\":\"https:\/\/archageloscruises.com\/#\/schema\/logo\/image\/\",\"url\":\"https:\/\/archageloscruises.com\/wp-content\/uploads\/2022\/08\/logo_small.png\",\"contentUrl\":\"https:\/\/archageloscruises.com\/wp-content\/uploads\/2022\/08\/logo_small.png\",\"width\":600,\"height\":424,\"caption\":\"Archagelos Cruises\"},\"image\":{\"@id\":\"https:\/\/archageloscruises.com\/#\/schema\/logo\/image\/\"},\"sameAs\":[\"https:\/\/www.facebook.com\/ARCHAGELOSCRUISESIERAPETRA\",\"https:\/\/www.instagram.com\/chrissi_island_archagelos\/\"],\"email\":\"archageloscruises@gmail.com\",\"telephone\":\"( +30 ) 6978 277 584\",\"legalName\":\"Archagelos Cruises Daily Cruises Chrissi Island\"}]}<\/script>\n<!-- \/ Yoast SEO Premium plugin. -->","yoast_head_json":{"title":"\u039a\u039f\u03a5\u03a6\u039f\u039d\u0397\u03a3\u0399 | Archagelos Cruises","description":"Daily cruises Chrissi Island Crete. Boat tours from Ierapetra with luxury private, semi-private and classic options. Authentic Cretan meals and diving.\ufeff","robots":{"index":"index","follow":"follow","max-snippet":"max-snippet:-1","max-image-preview":"max-image-preview:large","max-video-preview":"max-video-preview:-1"},"canonical":"https:\/\/archageloscruises.com\/pl\/koufonisi-2\/","og_locale":"pl_PL","og_type":"article","og_title":"\u039a\u039f\u03a5\u03a6\u039f\u039d\u0397\u03a3\u0399","og_description":"Daily cruises Chrissi Island Crete. Boat tours from Ierapetra with luxury private, semi-private and classic options. Authentic Cretan meals and diving.\ufeff","og_url":"https:\/\/archageloscruises.com\/pl\/koufonisi-2\/","og_site_name":"Archagelos Cruises","article_publisher":"https:\/\/www.facebook.com\/ARCHAGELOSCRUISESIERAPETRA","article_modified_time":"2026-01-26T12:18:59+00:00","og_image":[{"width":1440,"height":960,"url":"https:\/\/archageloscruises.com\/wp-content\/uploads\/2025\/01\/IMG_0746.jpg","type":"image\/jpeg"}],"twitter_card":"summary_large_image","twitter_misc":{"Szacowany czas czytania":"1 minuta"},"schema":{"@context":"https:\/\/schema.org","@graph":[{"@type":"WebPage","@id":"https:\/\/archageloscruises.com\/koufonisi-2\/","url":"https:\/\/archageloscruises.com\/koufonisi-2\/","name":"\u039a\u039f\u03a5\u03a6\u039f\u039d\u0397\u03a3\u0399 | Archagelos Cruises","isPartOf":{"@id":"https:\/\/archageloscruises.com\/#website"},"datePublished":"2023-01-22T06:42:49+00:00","dateModified":"2026-01-26T12:18:59+00:00","description":"Daily cruises Chrissi Island Crete. Boat tours from Ierapetra with luxury private, semi-private and classic options. Authentic Cretan meals and diving.\ufeff","breadcrumb":{"@id":"https:\/\/archageloscruises.com\/koufonisi-2\/#breadcrumb"},"inLanguage":"pl-PL","potentialAction":[{"@type":"ReadAction","target":["https:\/\/archageloscruises.com\/koufonisi-2\/"]}]},{"@type":"BreadcrumbList","@id":"https:\/\/archageloscruises.com\/koufonisi-2\/#breadcrumb","itemListElement":[{"@type":"ListItem","position":1,"name":"\u0391\u03c1\u03c7\u03b9\u03ba\u03ae","item":"https:\/\/archageloscruises.com\/"},{"@type":"ListItem","position":2,"name":"\u039a\u039f\u03a5\u03a6\u039f\u039d\u0397\u03a3\u0399"}]},{"@type":"WebSite","@id":"https:\/\/archageloscruises.com\/#website","url":"https:\/\/archageloscruises.com\/","name":"Archagelos Cruises","description":"Archagelos Cruises","publisher":{"@id":"https:\/\/archageloscruises.com\/#organization"},"alternateName":"Chrissi Island Daily Cruises Archagelos Ierapetra","potentialAction":[{"@type":"SearchAction","target":{"@type":"EntryPoint","urlTemplate":"https:\/\/archageloscruises.com\/?s={search_term_string}"},"query-input":{"@type":"PropertyValueSpecification","valueRequired":true,"valueName":"search_term_string"}}],"inLanguage":"pl-PL"},{"@type":"Organization","@id":"https:\/\/archageloscruises.com\/#organization","name":"Archagelos Cruises","url":"https:\/\/archageloscruises.com\/","logo":{"@type":"ImageObject","inLanguage":"pl-PL","@id":"https:\/\/archageloscruises.com\/#\/schema\/logo\/image\/","url":"https:\/\/archageloscruises.com\/wp-content\/uploads\/2022\/08\/logo_small.png","contentUrl":"https:\/\/archageloscruises.com\/wp-content\/uploads\/2022\/08\/logo_small.png","width":600,"height":424,"caption":"Archagelos Cruises"},"image":{"@id":"https:\/\/archageloscruises.com\/#\/schema\/logo\/image\/"},"sameAs":["https:\/\/www.facebook.com\/ARCHAGELOSCRUISESIERAPETRA","https:\/\/www.instagram.com\/chrissi_island_archagelos\/"],"email":"archageloscruises@gmail.com","telephone":"( +30 ) 6978 277 584","legalName":"Archagelos Cruises Daily Cruises Chrissi Island"}]}},"_links":{"self":[{"href":"https:\/\/archageloscruises.com\/pl\/wp-json\/wp\/v2\/pages\/1073","targetHints":{"allow":["GET"]}}],"collection":[{"href":"https:\/\/archageloscruises.com\/pl\/wp-json\/wp\/v2\/pages"}],"about":[{"href":"https:\/\/archageloscruises.com\/pl\/wp-json\/wp\/v2\/types\/page"}],"author":[{"embeddable":true,"href":"https:\/\/archageloscruises.com\/pl\/wp-json\/wp\/v2\/users\/2"}],"replies":[{"embeddable":true,"href":"https:\/\/archageloscruises.com\/pl\/wp-json\/wp\/v2\/comments?post=1073"}],"version-history":[{"count":14,"href":"https:\/\/archageloscruises.com\/pl\/wp-json\/wp\/v2\/pages\/1073\/revisions"}],"predecessor-version":[{"id":1691,"href":"https:\/\/archageloscruises.com\/pl\/wp-json\/wp\/v2\/pages\/1073\/revisions\/1691"}],"wp:attachment":[{"href":"https:\/\/archageloscruises.com\/pl\/wp-json\/wp\/v2\/media?parent=1073"}],"curies":[{"name":"wp","href":"https:\/\/api.w.org\/{rel}","templated":true}]}}