{"id":468,"date":"2022-08-16T20:25:27","date_gmt":"2022-08-16T17:25:27","guid":{"rendered":"https:\/\/archageloscruises.englezos.gr\/?page_id=468"},"modified":"2022-11-04T09:18:55","modified_gmt":"2022-11-04T06:18:55","slug":"classic-day-cruise-on-chrissi-island","status":"publish","type":"page","link":"https:\/\/archageloscruises.com\/pl\/classic-day-cruise-on-chrissi-island\/","title":{"rendered":"Klasyczny jednodniowy rejs na wysp\u0119 Chrissi"},"content":{"rendered":"<h3>Klasyczny jednodniowy rejs na wysp\u0119 Chrissi<\/h3>\n<p><strong>Zawiera:<\/strong><br \/>\nTransport na wysp\u0119 Chrissi.<br \/>\nTransport z wyspy Chrissi<\/p>\n<p><small><br \/>\n*W przypadku zakazu rejs b\u0119dzie odbywa\u0142 si\u0119 w innych obszarach po uzgodnieniu.<br \/>\n<\/small><br \/>\n<a href=\"http:\/\/archageloscruises.com\/wp-content\/uploads\/2022\/08\/1660074-1.jpg\" data-elementor-open-lightbox=\"yes\" data-elementor-lightbox-slideshow=\"all-932a702\" data-elementor-lightbox-title=\"_1660074\"><br \/>\n<\/a><br \/>\n<a href=\"http:\/\/archageloscruises.com\/wp-content\/uploads\/2022\/08\/IMG_20210712_133806_009.jpg\" data-elementor-open-lightbox=\"yes\" data-elementor-lightbox-slideshow=\"all-932a702\" data-elementor-lightbox-title=\"IMG_20210712_133806_009\"><br \/>\n<\/a><br \/>\n<a href=\"http:\/\/archageloscruises.com\/wp-content\/uploads\/2022\/08\/1660074-scaled.jpg\" data-elementor-open-lightbox=\"yes\" data-elementor-lightbox-slideshow=\"all-932a702\" data-elementor-lightbox-title=\"_1660074\"><br \/>\n<\/a><br \/>\n<a href=\"http:\/\/archageloscruises.com\/wp-content\/uploads\/2022\/08\/image6.jpeg\" data-elementor-open-lightbox=\"yes\" data-elementor-lightbox-slideshow=\"all-932a702\" data-elementor-lightbox-title=\"created by dji camera\"><br \/>\n<\/a><br \/>\n<a href=\"http:\/\/archageloscruises.com\/wp-content\/uploads\/2022\/08\/IMG_20211012_150648_776.jpg\" data-elementor-open-lightbox=\"yes\" data-elementor-lightbox-slideshow=\"all-932a702\" data-elementor-lightbox-title=\"IMG_20211012_150648_776\"><br \/>\n<\/a><br \/>\n<a href=\"http:\/\/archageloscruises.com\/wp-content\/uploads\/2022\/09\/image0-scaled.jpg\" data-elementor-open-lightbox=\"yes\" data-elementor-lightbox-slideshow=\"all-932a702\" data-elementor-lightbox-title=\"image0\"><br \/>\n<\/a><br \/>\n<a href=\"http:\/\/archageloscruises.com\/wp-content\/uploads\/2022\/09\/image1-scaled.jpg\" data-elementor-open-lightbox=\"yes\" data-elementor-lightbox-slideshow=\"all-932a702\" data-elementor-lightbox-title=\"image1\"><br \/>\n<\/a><br \/>\n<a href=\"http:\/\/archageloscruises.com\/wp-content\/uploads\/2022\/09\/image2-scaled.jpg\" data-elementor-open-lightbox=\"yes\" data-elementor-lightbox-slideshow=\"all-932a702\" data-elementor-lightbox-title=\"image2\"><br \/>\n<\/a><br \/>\n<a href=\"http:\/\/archageloscruises.com\/wp-content\/uploads\/2022\/09\/image3-scaled.jpg\" data-elementor-open-lightbox=\"yes\" data-elementor-lightbox-slideshow=\"all-932a702\" data-elementor-lightbox-title=\"image3\"><br \/>\n<\/a><br \/>\n<a href=\"http:\/\/archageloscruises.com\/wp-content\/uploads\/2022\/09\/IMG_20211012_150648_776.jpg\" data-elementor-open-lightbox=\"yes\" data-elementor-lightbox-slideshow=\"all-932a702\" data-elementor-lightbox-title=\"IMG_20211012_150648_776\"><br \/>\n<\/a><\/p>\n<table style=\"height: 728px;\" width=\"713\">\n<thead>\n<tr>\n<th style=\"text-align: center;\">Czas<\/th>\n<th style=\"text-align: center;\"><\/th>\n<\/tr>\n<\/thead>\n<tbody>\n<tr>\n<td><b>10.00<\/b><\/td>\n<td>\n<p style=\"margin-bottom: 0px; padding: 0px; border: 0px; outline: 0px; vertical-align: baseline; background: transparent; pointer-events: auto; font-size: 20px; line-height: normal; color: #000000;\">Przybycie do portu rybackiego Ierapetra na 30 minut przed wyp\u0142yni\u0119ciem.<a style=\"margin: 0px; padding: 0px; border: 0px; outline: 0px; vertical-align: baseline; background-image: initial; background-position: initial; background-size: initial; background-repeat: initial; background-attachment: initial; background-origin: initial; background-clip: initial; cursor: pointer;\" href=\"https:\/\/www.google.com\/maps\/place\/Archagelos+Cruises\/@35.0028202,25.7353884,17z\/data=!3m1!4b1!4m5!3m4!1s0x1490795c0f367f85:0xdbcec6f351831096!8m2!3d35.0028202!4d25.7353884\" target=\"_blank\" rel=\"noopener\">Zobacz map\u0119<\/a>).<\/p>\n<p style=\"margin-bottom: 0px; padding: 0px; border: 0px; outline: 0px; vertical-align: baseline; background: transparent; pointer-events: auto; font-size: 20px; line-height: normal; color: #000000;\">\n<\/td>\n<\/tr>\n<tr>\n<td>10.30<\/td>\n<td>Wylot na wysp\u0119 Chrissi, ekscytuj\u0105ca 25-minutowa podr\u00f3\u017c.<\/td>\n<\/tr>\n<tr>\n<td><b>11.00<\/b><\/td>\n<td>\n<p style=\"margin-bottom: 0px; padding: 0px; border: 0px; outline: 0px; vertical-align: baseline; background: transparent; pointer-events: auto; font-size: 20px; line-height: normal; color: #000000;\">Przybycie na wysp\u0119 Chrissi.<\/p>\n<p style=\"margin-bottom: 0px; padding: 0px; border: 0px; outline: 0px; vertical-align: baseline; background: transparent; pointer-events: auto; font-size: 20px; line-height: normal; color: #000000;\">Czas na odkrywanie tej wspania\u0142ej wyspy pe\u0142nej naturalnego i urzekaj\u0105cego pi\u0119kna. P\u0142ywaj w b\u0142\u0119kitnych wodach i ciesz si\u0119 relaksuj\u0105cym czasem pod gor\u0105cym s\u0142o\u0144cem.<\/p>\n<\/td>\n<\/tr>\n<tr>\n<td><b>16.30<\/b><\/td>\n<td>\n<p style=\"margin-bottom: 0px; padding: 0px; border: 0px; outline: 0px; vertical-align: baseline; background: transparent; pointer-events: auto; font-size: 20px; line-height: normal; color: #000000;\">Wyp\u0142yni\u0119cie z wyspy Chrissi do Ierapetry.<\/p>\n<p style=\"margin-bottom: 0px; padding: 0px; border: 0px; outline: 0px; vertical-align: baseline; background: transparent; pointer-events: auto; font-size: 20px; line-height: normal; color: #000000;\">Wej\u015bcie na pok\u0142ad w celu odlotu nast\u0105pi dok\u0142adnie w miejscu zej\u015bcia z pok\u0142adu.<\/p>\n<\/td>\n<\/tr>\n<tr>\n<td><b>17.00<\/b><\/td>\n<td>Przybycie do portu Ierapetra.<\/td>\n<\/tr>\n<\/tbody>\n<\/table>\n<p>&nbsp;<\/p>\n<h4>Wyobra\u017casz sobie nasze us\u0142ugi inaczej?<\/h4>\n<p>Je\u015bli kt\u00f3rakolwiek z naszych us\u0142ug poni\u017cej nie jest w stanie zaplanowa\u0107 w\u0142asnego rejsu w oparciu o Twoje potrzeby.<\/p>","protected":false},"excerpt":{"rendered":"<p>Classic Day-Cruise on Chrissi Island Includes: Transportation to Chrissi island. Transportation from Chrissi island *In case of prohibition the cruise will be in other areas upon communication \u038f\u03c1\u03b1 10.00 Arrival at the fishing port of Ierapetra, 30 minutes before departure.(See map). 10.30 Departure for Chrissi island, an exciting 25 minute journey. 11.00 Arrival on Chrissi [&#8230;]","protected":false},"author":1,"featured_media":359,"parent":0,"menu_order":0,"comment_status":"closed","ping_status":"closed","template":"page-blank.php","meta":{"footnotes":""},"class_list":["post-468","page","type-page","status-publish","has-post-thumbnail","hentry"],"yoast_head":"<!-- This site is optimized with the Yoast SEO Premium plugin v26.8 (Yoast SEO v26.9) - https:\/\/yoast.com\/product\/yoast-seo-premium-wordpress\/ -->\n<title>Classic Day-Cruise on Chrissi Island | Archagelos Cruises<\/title>\n<meta name=\"description\" content=\"Daily cruises Chrissi Island Crete. Boat tours from Ierapetra with luxury private, semi-private and classic options. Authentic Cretan meals and diving.\ufeff\" \/>\n<meta name=\"robots\" content=\"index, follow, max-snippet:-1, max-image-preview:large, max-video-preview:-1\" \/>\n<link rel=\"canonical\" href=\"https:\/\/archageloscruises.com\/pl\/classic-day-cruise-on-chrissi-island\/\" \/>\n<meta property=\"og:locale\" content=\"pl_PL\" \/>\n<meta property=\"og:type\" content=\"article\" \/>\n<meta property=\"og:title\" content=\"Classic Day-Cruise on Chrissi Island\" \/>\n<meta property=\"og:description\" content=\"Daily cruises Chrissi Island Crete. Boat tours from Ierapetra with luxury private, semi-private and classic options. Authentic Cretan meals and diving.\ufeff\" \/>\n<meta property=\"og:url\" content=\"https:\/\/archageloscruises.com\/pl\/classic-day-cruise-on-chrissi-island\/\" \/>\n<meta property=\"og:site_name\" content=\"Archagelos Cruises\" \/>\n<meta property=\"article:publisher\" content=\"https:\/\/www.facebook.com\/ARCHAGELOSCRUISESIERAPETRA\" \/>\n<meta property=\"article:modified_time\" content=\"2022-11-04T06:18:55+00:00\" \/>\n<meta property=\"og:image\" content=\"https:\/\/archageloscruises.com\/wp-content\/uploads\/2022\/08\/image6.jpeg\" \/>\n\t<meta property=\"og:image:width\" content=\"2028\" \/>\n\t<meta property=\"og:image:height\" content=\"1520\" \/>\n\t<meta property=\"og:image:type\" content=\"image\/jpeg\" \/>\n<meta name=\"twitter:card\" content=\"summary_large_image\" \/>\n<meta name=\"twitter:label1\" content=\"Szacowany czas czytania\" \/>\n\t<meta name=\"twitter:data1\" content=\"1 minuta\" \/>\n<script type=\"application\/ld+json\" class=\"yoast-schema-graph\">{\"@context\":\"https:\/\/schema.org\",\"@graph\":[{\"@type\":\"WebPage\",\"@id\":\"https:\/\/archageloscruises.com\/classic-day-cruise-on-chrissi-island\/\",\"url\":\"https:\/\/archageloscruises.com\/classic-day-cruise-on-chrissi-island\/\",\"name\":\"Classic Day-Cruise on Chrissi Island | Archagelos Cruises\",\"isPartOf\":{\"@id\":\"https:\/\/archageloscruises.com\/#website\"},\"primaryImageOfPage\":{\"@id\":\"https:\/\/archageloscruises.com\/classic-day-cruise-on-chrissi-island\/#primaryimage\"},\"image\":{\"@id\":\"https:\/\/archageloscruises.com\/classic-day-cruise-on-chrissi-island\/#primaryimage\"},\"thumbnailUrl\":\"https:\/\/archageloscruises.com\/wp-content\/uploads\/2022\/08\/image6.jpeg\",\"datePublished\":\"2022-08-16T17:25:27+00:00\",\"dateModified\":\"2022-11-04T06:18:55+00:00\",\"description\":\"Daily cruises Chrissi Island Crete. Boat tours from Ierapetra with luxury private, semi-private and classic options. Authentic Cretan meals and diving.\ufeff\",\"breadcrumb\":{\"@id\":\"https:\/\/archageloscruises.com\/classic-day-cruise-on-chrissi-island\/#breadcrumb\"},\"inLanguage\":\"pl-PL\",\"potentialAction\":[{\"@type\":\"ReadAction\",\"target\":[\"https:\/\/archageloscruises.com\/classic-day-cruise-on-chrissi-island\/\"]}]},{\"@type\":\"ImageObject\",\"inLanguage\":\"pl-PL\",\"@id\":\"https:\/\/archageloscruises.com\/classic-day-cruise-on-chrissi-island\/#primaryimage\",\"url\":\"https:\/\/archageloscruises.com\/wp-content\/uploads\/2022\/08\/image6.jpeg\",\"contentUrl\":\"https:\/\/archageloscruises.com\/wp-content\/uploads\/2022\/08\/image6.jpeg\",\"width\":2028,\"height\":1520,\"caption\":\"created by dji camera\"},{\"@type\":\"BreadcrumbList\",\"@id\":\"https:\/\/archageloscruises.com\/classic-day-cruise-on-chrissi-island\/#breadcrumb\",\"itemListElement\":[{\"@type\":\"ListItem\",\"position\":1,\"name\":\"\u0391\u03c1\u03c7\u03b9\u03ba\u03ae\",\"item\":\"https:\/\/archageloscruises.com\/\"},{\"@type\":\"ListItem\",\"position\":2,\"name\":\"Classic Day-Cruise on Chrissi Island\"}]},{\"@type\":\"WebSite\",\"@id\":\"https:\/\/archageloscruises.com\/#website\",\"url\":\"https:\/\/archageloscruises.com\/\",\"name\":\"Archagelos Cruises\",\"description\":\"Archagelos Cruises\",\"publisher\":{\"@id\":\"https:\/\/archageloscruises.com\/#organization\"},\"alternateName\":\"Chrissi Island Daily Cruises Archagelos Ierapetra\",\"potentialAction\":[{\"@type\":\"SearchAction\",\"target\":{\"@type\":\"EntryPoint\",\"urlTemplate\":\"https:\/\/archageloscruises.com\/?s={search_term_string}\"},\"query-input\":{\"@type\":\"PropertyValueSpecification\",\"valueRequired\":true,\"valueName\":\"search_term_string\"}}],\"inLanguage\":\"pl-PL\"},{\"@type\":\"Organization\",\"@id\":\"https:\/\/archageloscruises.com\/#organization\",\"name\":\"Archagelos Cruises\",\"url\":\"https:\/\/archageloscruises.com\/\",\"logo\":{\"@type\":\"ImageObject\",\"inLanguage\":\"pl-PL\",\"@id\":\"https:\/\/archageloscruises.com\/#\/schema\/logo\/image\/\",\"url\":\"https:\/\/archageloscruises.com\/wp-content\/uploads\/2022\/08\/logo_small.png\",\"contentUrl\":\"https:\/\/archageloscruises.com\/wp-content\/uploads\/2022\/08\/logo_small.png\",\"width\":600,\"height\":424,\"caption\":\"Archagelos Cruises\"},\"image\":{\"@id\":\"https:\/\/archageloscruises.com\/#\/schema\/logo\/image\/\"},\"sameAs\":[\"https:\/\/www.facebook.com\/ARCHAGELOSCRUISESIERAPETRA\",\"https:\/\/www.instagram.com\/chrissi_island_archagelos\/\"],\"email\":\"archageloscruises@gmail.com\",\"telephone\":\"( +30 ) 6978 277 584\",\"legalName\":\"Archagelos Cruises Daily Cruises Chrissi Island\"}]}<\/script>\n<!-- \/ Yoast SEO Premium plugin. -->","yoast_head_json":{"title":"Classic Day-Cruise on Chrissi Island | Archagelos Cruises","description":"Daily cruises Chrissi Island Crete. Boat tours from Ierapetra with luxury private, semi-private and classic options. Authentic Cretan meals and diving.\ufeff","robots":{"index":"index","follow":"follow","max-snippet":"max-snippet:-1","max-image-preview":"max-image-preview:large","max-video-preview":"max-video-preview:-1"},"canonical":"https:\/\/archageloscruises.com\/pl\/classic-day-cruise-on-chrissi-island\/","og_locale":"pl_PL","og_type":"article","og_title":"Classic Day-Cruise on Chrissi Island","og_description":"Daily cruises Chrissi Island Crete. Boat tours from Ierapetra with luxury private, semi-private and classic options. Authentic Cretan meals and diving.\ufeff","og_url":"https:\/\/archageloscruises.com\/pl\/classic-day-cruise-on-chrissi-island\/","og_site_name":"Archagelos Cruises","article_publisher":"https:\/\/www.facebook.com\/ARCHAGELOSCRUISESIERAPETRA","article_modified_time":"2022-11-04T06:18:55+00:00","og_image":[{"width":2028,"height":1520,"url":"https:\/\/archageloscruises.com\/wp-content\/uploads\/2022\/08\/image6.jpeg","type":"image\/jpeg"}],"twitter_card":"summary_large_image","twitter_misc":{"Szacowany czas czytania":"1 minuta"},"schema":{"@context":"https:\/\/schema.org","@graph":[{"@type":"WebPage","@id":"https:\/\/archageloscruises.com\/classic-day-cruise-on-chrissi-island\/","url":"https:\/\/archageloscruises.com\/classic-day-cruise-on-chrissi-island\/","name":"Classic Day-Cruise on Chrissi Island | Archagelos Cruises","isPartOf":{"@id":"https:\/\/archageloscruises.com\/#website"},"primaryImageOfPage":{"@id":"https:\/\/archageloscruises.com\/classic-day-cruise-on-chrissi-island\/#primaryimage"},"image":{"@id":"https:\/\/archageloscruises.com\/classic-day-cruise-on-chrissi-island\/#primaryimage"},"thumbnailUrl":"https:\/\/archageloscruises.com\/wp-content\/uploads\/2022\/08\/image6.jpeg","datePublished":"2022-08-16T17:25:27+00:00","dateModified":"2022-11-04T06:18:55+00:00","description":"Daily cruises Chrissi Island Crete. Boat tours from Ierapetra with luxury private, semi-private and classic options. Authentic Cretan meals and diving.\ufeff","breadcrumb":{"@id":"https:\/\/archageloscruises.com\/classic-day-cruise-on-chrissi-island\/#breadcrumb"},"inLanguage":"pl-PL","potentialAction":[{"@type":"ReadAction","target":["https:\/\/archageloscruises.com\/classic-day-cruise-on-chrissi-island\/"]}]},{"@type":"ImageObject","inLanguage":"pl-PL","@id":"https:\/\/archageloscruises.com\/classic-day-cruise-on-chrissi-island\/#primaryimage","url":"https:\/\/archageloscruises.com\/wp-content\/uploads\/2022\/08\/image6.jpeg","contentUrl":"https:\/\/archageloscruises.com\/wp-content\/uploads\/2022\/08\/image6.jpeg","width":2028,"height":1520,"caption":"created by dji camera"},{"@type":"BreadcrumbList","@id":"https:\/\/archageloscruises.com\/classic-day-cruise-on-chrissi-island\/#breadcrumb","itemListElement":[{"@type":"ListItem","position":1,"name":"\u0391\u03c1\u03c7\u03b9\u03ba\u03ae","item":"https:\/\/archageloscruises.com\/"},{"@type":"ListItem","position":2,"name":"Classic Day-Cruise on Chrissi Island"}]},{"@type":"WebSite","@id":"https:\/\/archageloscruises.com\/#website","url":"https:\/\/archageloscruises.com\/","name":"Archagelos Cruises","description":"Archagelos Cruises","publisher":{"@id":"https:\/\/archageloscruises.com\/#organization"},"alternateName":"Chrissi Island Daily Cruises Archagelos Ierapetra","potentialAction":[{"@type":"SearchAction","target":{"@type":"EntryPoint","urlTemplate":"https:\/\/archageloscruises.com\/?s={search_term_string}"},"query-input":{"@type":"PropertyValueSpecification","valueRequired":true,"valueName":"search_term_string"}}],"inLanguage":"pl-PL"},{"@type":"Organization","@id":"https:\/\/archageloscruises.com\/#organization","name":"Archagelos Cruises","url":"https:\/\/archageloscruises.com\/","logo":{"@type":"ImageObject","inLanguage":"pl-PL","@id":"https:\/\/archageloscruises.com\/#\/schema\/logo\/image\/","url":"https:\/\/archageloscruises.com\/wp-content\/uploads\/2022\/08\/logo_small.png","contentUrl":"https:\/\/archageloscruises.com\/wp-content\/uploads\/2022\/08\/logo_small.png","width":600,"height":424,"caption":"Archagelos Cruises"},"image":{"@id":"https:\/\/archageloscruises.com\/#\/schema\/logo\/image\/"},"sameAs":["https:\/\/www.facebook.com\/ARCHAGELOSCRUISESIERAPETRA","https:\/\/www.instagram.com\/chrissi_island_archagelos\/"],"email":"archageloscruises@gmail.com","telephone":"( +30 ) 6978 277 584","legalName":"Archagelos Cruises Daily Cruises Chrissi Island"}]}},"_links":{"self":[{"href":"https:\/\/archageloscruises.com\/pl\/wp-json\/wp\/v2\/pages\/468","targetHints":{"allow":["GET"]}}],"collection":[{"href":"https:\/\/archageloscruises.com\/pl\/wp-json\/wp\/v2\/pages"}],"about":[{"href":"https:\/\/archageloscruises.com\/pl\/wp-json\/wp\/v2\/types\/page"}],"author":[{"embeddable":true,"href":"https:\/\/archageloscruises.com\/pl\/wp-json\/wp\/v2\/users\/1"}],"replies":[{"embeddable":true,"href":"https:\/\/archageloscruises.com\/pl\/wp-json\/wp\/v2\/comments?post=468"}],"version-history":[{"count":9,"href":"https:\/\/archageloscruises.com\/pl\/wp-json\/wp\/v2\/pages\/468\/revisions"}],"predecessor-version":[{"id":1001,"href":"https:\/\/archageloscruises.com\/pl\/wp-json\/wp\/v2\/pages\/468\/revisions\/1001"}],"wp:featuredmedia":[{"embeddable":true,"href":"https:\/\/archageloscruises.com\/pl\/wp-json\/wp\/v2\/media\/359"}],"wp:attachment":[{"href":"https:\/\/archageloscruises.com\/pl\/wp-json\/wp\/v2\/media?parent=468"}],"curies":[{"name":"wp","href":"https:\/\/api.w.org\/{rel}","templated":true}]}}